{"id":20087,"date":"2023-05-12T15:52:28","date_gmt":"2023-05-12T13:52:28","guid":{"rendered":"https:\/\/www.xventura.com\/?page_id=20087"},"modified":"2023-05-12T17:01:01","modified_gmt":"2023-05-12T15:01:01","slug":"equipo","status":"publish","type":"page","link":"https:\/\/www.xventura.com\/es\/barcelona\/equipo\/","title":{"rendered":"Equipo Barcelona"},"content":{"rendered":"<div class=\"wpb-content-wrapper\"><p>[vc_row bg_check=\u00bbrow-background-dark\u00bb dfd_bg_style=\u00bbimage\u00bb dfd_bg_image_new=\u00bb12126&#8243; dfd_bg_image_repeat=\u00bbno-repeat\u00bb dfd_bg_image_new_responsive=\u00bb12127&#8243; dfd_bg_image_size_mobile=\u00bbcover\u00bb][vc_column dfd_column_responsive_enable=\u00bbdfd-column-responsive-enable\u00bb col_shadow=\u00bbbox_shadow_enable:disable|shadow_horizontal:0|shadow_vertical:15|shadow_blur:50|shadow_spread:0|box_shadow_color:rgba(0%2C0%2C0%2C0.35)\u00bb col_shadow_hover=\u00bbbox_shadow_enable:disable|shadow_horizontal:0|shadow_vertical:15|shadow_blur:50|shadow_spread:0|box_shadow_color:rgba(0%2C0%2C0%2C0.35)\u00bb responsive_styles=\u00bbpadding_left_mobile:20|padding_right_mobile:20&#8243; css=\u00bb.vc_custom_1581330130866{margin-right: 50px !important;margin-left: 20px !important;}\u00bb][dfd_spacer screen_wide_spacer_size=\u00bb350&#8243; screen_normal_resolution=\u00bb1280&#8243; screen_tablet_resolution=\u00bb1024&#8243; screen_mobile_resolution=\u00bb800&#8243;][dfd_spacer screen_wide_spacer_size=\u00bb50&#8243; screen_normal_resolution=\u00bb1280&#8243; screen_tablet_resolution=\u00bb1024&#8243; screen_mobile_resolution=\u00bb800&#8243;][\/vc_column][\/vc_row][vc_row css=\u00bb.vc_custom_1581328333152{padding-right: 20px !important;padding-left: 20px !important;}\u00bb][vc_column width=\u00bb1\/6&#8243;][\/vc_column][vc_column width=\u00bb2\/3&#8243; col_shadow=\u00bbbox_shadow_enable:disable|shadow_horizontal:0|shadow_vertical:15|shadow_blur:50|shadow_spread:0|box_shadow_color:rgba(0%2C0%2C0%2C0.35)\u00bb col_shadow_hover=\u00bbbox_shadow_enable:disable|shadow_horizontal:0|shadow_vertical:15|shadow_blur:50|shadow_spread:0|box_shadow_color:rgba(0%2C0%2C0%2C0.35)\u00bb][vc_row_inner][vc_column_inner offset=\u00bbvc_hidden-xs\u00bb col_inner_shadow=\u00bbbox_shadow_enable:disable|shadow_horizontal:0|shadow_vertical:15|shadow_blur:50|shadow_spread:0|box_shadow_color:rgba(0%2C0%2C0%2C0.35)\u00bb col_inner_shadow_hover=\u00bbbox_shadow_enable:disable|shadow_horizontal:0|shadow_vertical:15|shadow_blur:50|shadow_spread:0|box_shadow_color:rgba(0%2C0%2C0%2C0.35)\u00bb][dfd_spacer screen_wide_spacer_size=\u00bb35&#8243; screen_normal_resolution=\u00bb1024&#8243; screen_tablet_resolution=\u00bb800&#8243; screen_mobile_resolution=\u00bb480&#8243;][dfd_heading style=\u00bbstyle_11&#8243; subtitle=\u00bbConoce el Equipo\u00bb delimiter_settings=\u00bbdelimiter_style:solid|delimiter_width:80|delimiter_height:1|delimiter_color:%231a8c8b\u00bb undefined=\u00bb\u00bb title_font_options=\u00bbtag:h2&#8243; subtitle_font_options=\u00bbtag:div|font_size:30|color:%231a8c8b|line_height:40&#8243;]El Equipo[\/dfd_heading][\/vc_column_inner][\/vc_row_inner][vc_row_inner][vc_column_inner offset=\u00bbvc_hidden-lg vc_hidden-md vc_hidden-sm\u00bb col_inner_shadow=\u00bbbox_shadow_enable:disable|shadow_horizontal:0|shadow_vertical:15|shadow_blur:50|shadow_spread:0|box_shadow_color:rgba(0%2C0%2C0%2C0.35)\u00bb col_inner_shadow_hover=\u00bbbox_shadow_enable:disable|shadow_horizontal:0|shadow_vertical:15|shadow_blur:50|shadow_spread:0|box_shadow_color:rgba(0%2C0%2C0%2C0.35)\u00bb][dfd_spacer screen_wide_spacer_size=\u00bb35&#8243; screen_normal_resolution=\u00bb1024&#8243; screen_tablet_resolution=\u00bb800&#8243; screen_mobile_resolution=\u00bb480&#8243;][dfd_heading subtitle=\u00bbConoce el Equipo\u00bb enable_delimiter=\u00bb\u00bb undefined=\u00bb\u00bb title_font_options=\u00bbtag:h2|font_size:35|line_height:40&#8243; subtitle_font_options=\u00bbtag:div|font_size:25|color:%231a8c8b|line_height:40&#8243;]El Equipo[\/dfd_heading][\/vc_column_inner][\/vc_row_inner][dfd_spacer screen_wide_spacer_size=\u00bb35&#8243; screen_normal_resolution=\u00bb1024&#8243; screen_tablet_resolution=\u00bb800&#8243; screen_mobile_resolution=\u00bb480&#8243;][vc_column_text]<\/p>\n<p style=\"text-align: center;\">Aqu\u00ed puedes encontrar el equipo de game masters en Barcelona. Si quieres unirte al equipo, \u00a1env\u00edanos un correo electr\u00f3nico! Siempre estamos buscando nuevos talentos.<\/p>\n<p>[\/vc_column_text][dfd_spacer screen_wide_spacer_size=\u00bb35&#8243; screen_normal_resolution=\u00bb1024&#8243; screen_tablet_resolution=\u00bb800&#8243; screen_mobile_resolution=\u00bb480&#8243;][\/vc_column][vc_column width=\u00bb1\/6&#8243;][\/vc_column][\/vc_row][vc_row css=\u00bb.vc_custom_1683729458580{margin-bottom: 50px !important;padding-right: 80px !important;padding-left: 80px !important;}\u00bb][vc_column width=\u00bb1\/2&#8243; cus_bg_position=\u00bbcenter center\u00bb col_shadow=\u00bbbox_shadow_enable:disable|shadow_horizontal:0|shadow_vertical:0|shadow_blur:20|shadow_spread:0|box_shadow_color:rgba(12%2C12%2C12%2C0.17)\u00bb col_shadow_hover=\u00bbbox_shadow_enable:disable|shadow_horizontal:0|shadow_vertical:0|shadow_blur:20|shadow_spread:0|box_shadow_color:rgba(0%2C0%2C0%2C0.35)\u00bb css=\u00bb.vc_custom_1523350987126{margin-bottom: 25px !important;}\u00bb][dfd_new_team_member team_member_name=\u00bbAnna\u00bb team_member_job_position=\u00bbCo-founder &amp; CEO\u00bb team_member_description=\u00bb\u00bb icon_size=\u00bb15&#8243; team_member_photo=\u00bb20047&#8243; title_font_options=\u00bbtag:h3&#8243; subtitle_font_options=\u00bbtag:h6&#8243; shadow=\u00bbshow\u00bb][\/vc_column][vc_column width=\u00bb1\/2&#8243; css=\u00bb.vc_custom_1523350991806{margin-bottom: 25px !important;}\u00bb col_shadow=\u00bbbox_shadow_enable:disable|shadow_horizontal:0|shadow_vertical:15|shadow_blur:50|shadow_spread:0|box_shadow_color:rgba(0%2C0%2C0%2C0.35)\u00bb col_shadow_hover=\u00bbbox_shadow_enable:disable|shadow_horizontal:0|shadow_vertical:15|shadow_blur:50|shadow_spread:0|box_shadow_color:rgba(0%2C0%2C0%2C0.35)\u00bb][dfd_new_team_member team_member_name=\u00bbPim\u00bb team_member_job_position=\u00bbCo-founder\u00bb team_member_description=\u00bb\u00bb icon_size=\u00bb15&#8243; team_member_photo=\u00bb12044&#8243; title_font_options=\u00bbtag:h3&#8243; subtitle_font_options=\u00bbtag:h6&#8243; shadow=\u00bbshow\u00bb][\/vc_column][\/vc_row][vc_row][vc_column width=\u00bb1\/6&#8243;][\/vc_column][vc_column width=\u00bb2\/3&#8243;][dfd_spacer screen_wide_spacer_size=\u00bb35&#8243; screen_normal_resolution=\u00bb1024&#8243; screen_tablet_resolution=\u00bb800&#8243; screen_mobile_resolution=\u00bb480&#8243;][dfd_heading style=\u00bbstyle_11&#8243; subtitle=\u00bb\u00bb delimiter_settings=\u00bbdelimiter_style:solid|delimiter_width:80|delimiter_height:1|delimiter_color:%231a8c8b\u00bb undefined=\u00bb\u00bb title_font_options=\u00bbtag:h2&#8243; subtitle_font_options=\u00bbtag:div\u00bb]<\/p>\n<h2 style=\"text-align: center;\">Barcelona<\/h2>\n<p>[\/dfd_heading][dfd_spacer screen_wide_spacer_size=\u00bb35&#8243; screen_normal_resolution=\u00bb1024&#8243; screen_tablet_resolution=\u00bb800&#8243; screen_mobile_resolution=\u00bb480&#8243;][\/vc_column][vc_column width=\u00bb1\/6&#8243;][\/vc_column][\/vc_row][vc_row css=\u00bb.vc_custom_1523350198709{margin-bottom: 50px !important;padding-right: 40px !important;padding-left: 40px !important;}\u00bb][vc_column width=\u00bb1\/3&#8243; cus_bg_position=\u00bbcenter center\u00bb col_shadow=\u00bbbox_shadow_enable:disable|shadow_horizontal:0|shadow_vertical:0|shadow_blur:20|shadow_spread:0|box_shadow_color:rgba(12%2C12%2C12%2C0.17)\u00bb col_shadow_hover=\u00bbbox_shadow_enable:disable|shadow_horizontal:0|shadow_vertical:0|shadow_blur:20|shadow_spread:0|box_shadow_color:rgba(0%2C0%2C0%2C0.35)\u00bb css=\u00bb.vc_custom_1523350987126{margin-bottom: 25px !important;}\u00bb][dfd_new_team_member team_member_name=\u00bbDorien\u00bb team_member_job_position=\u00bbManager Barcelona\u00bb team_member_description=\u00bb\u00bb icon_size=\u00bb15&#8243; team_member_photo=\u00bb19508&#8243; title_font_options=\u00bbtag:h3&#8243; subtitle_font_options=\u00bbtag:h6&#8243; shadow=\u00bbshow\u00bb][\/vc_column][vc_column width=\u00bb1\/3&#8243; css=\u00bb.vc_custom_1523350991806{margin-bottom: 25px !important;}\u00bb col_shadow=\u00bbbox_shadow_enable:disable|shadow_horizontal:0|shadow_vertical:15|shadow_blur:50|shadow_spread:0|box_shadow_color:rgba(0%2C0%2C0%2C0.35)\u00bb col_shadow_hover=\u00bbbox_shadow_enable:disable|shadow_horizontal:0|shadow_vertical:15|shadow_blur:50|shadow_spread:0|box_shadow_color:rgba(0%2C0%2C0%2C0.35)\u00bb][dfd_new_team_member team_member_name=\u00bbAga\u00bb team_member_job_position=\u00bbGame master EN &#8211; ES\u00bb team_member_description=\u00bb\u00bb icon_size=\u00bb15&#8243; team_member_photo=\u00bb19502&#8243; title_font_options=\u00bbtag:h3&#8243; subtitle_font_options=\u00bbtag:h6&#8243; shadow=\u00bbshow\u00bb][\/vc_column][vc_column width=\u00bb1\/3&#8243;][dfd_new_team_member team_member_name=\u00bbAdriana\u00bb team_member_job_position=\u00bbGame master ES &#8211; EN\u00bb team_member_description=\u00bb\u00bb icon_size=\u00bb15&#8243; team_member_photo=\u00bb19499&#8243; title_font_options=\u00bbtag:h3&#8243; subtitle_font_options=\u00bbtag:h6&#8243; shadow=\u00bbshow\u00bb][\/vc_column][\/vc_row][vc_row css=\u00bb.vc_custom_1523350198709{margin-bottom: 50px !important;padding-right: 40px !important;padding-left: 40px !important;}\u00bb][vc_column width=\u00bb1\/3&#8243; cus_bg_position=\u00bbcenter center\u00bb col_shadow=\u00bbbox_shadow_enable:disable|shadow_horizontal:0|shadow_vertical:0|shadow_blur:20|shadow_spread:0|box_shadow_color:rgba(12%2C12%2C12%2C0.17)\u00bb col_shadow_hover=\u00bbbox_shadow_enable:disable|shadow_horizontal:0|shadow_vertical:0|shadow_blur:20|shadow_spread:0|box_shadow_color:rgba(0%2C0%2C0%2C0.35)\u00bb css=\u00bb.vc_custom_1523350987126{margin-bottom: 25px !important;}\u00bb][dfd_new_team_member team_member_name=\u00bbAvalon\u00bb team_member_job_position=\u00bbGame master NL &#8211; EN\u00bb team_member_description=\u00bb\u00bb icon_size=\u00bb15&#8243; team_member_photo=\u00bb19505&#8243; title_font_options=\u00bbtag:h3&#8243; subtitle_font_options=\u00bbtag:h6&#8243; shadow=\u00bbshow\u00bb][\/vc_column][vc_column width=\u00bb1\/3&#8243; css=\u00bb.vc_custom_1523350991806{margin-bottom: 25px !important;}\u00bb col_shadow=\u00bbbox_shadow_enable:disable|shadow_horizontal:0|shadow_vertical:15|shadow_blur:50|shadow_spread:0|box_shadow_color:rgba(0%2C0%2C0%2C0.35)\u00bb col_shadow_hover=\u00bbbox_shadow_enable:disable|shadow_horizontal:0|shadow_vertical:15|shadow_blur:50|shadow_spread:0|box_shadow_color:rgba(0%2C0%2C0%2C0.35)\u00bb][dfd_new_team_member team_member_name=\u00bbJulien\u00bb team_member_job_position=\u00bbGame master NL &#8211; EN\u00bb team_member_description=\u00bb\u00bb icon_size=\u00bb15&#8243; team_member_photo=\u00bb19511&#8243; title_font_options=\u00bbtag:h3&#8243; subtitle_font_options=\u00bbtag:h6&#8243; shadow=\u00bbshow\u00bb][\/vc_column][vc_column width=\u00bb1\/3&#8243;][dfd_new_team_member team_member_name=\u00bbRenske\u00bb team_member_job_position=\u00bbGame master NL &#8211; EN\u00bb team_member_description=\u00bb\u00bb icon_size=\u00bb15&#8243; team_member_photo=\u00bb20080&#8243; title_font_options=\u00bbtag:h3&#8243; subtitle_font_options=\u00bbtag:h6&#8243; shadow=\u00bbshow\u00bb][\/vc_column][\/vc_row][vc_row css=\u00bb.vc_custom_1523350198709{margin-bottom: 50px !important;padding-right: 40px !important;padding-left: 40px !important;}\u00bb][vc_column width=\u00bb1\/3&#8243; cus_bg_position=\u00bbcenter center\u00bb col_shadow=\u00bbbox_shadow_enable:disable|shadow_horizontal:0|shadow_vertical:0|shadow_blur:20|shadow_spread:0|box_shadow_color:rgba(12%2C12%2C12%2C0.17)\u00bb col_shadow_hover=\u00bbbox_shadow_enable:disable|shadow_horizontal:0|shadow_vertical:0|shadow_blur:20|shadow_spread:0|box_shadow_color:rgba(0%2C0%2C0%2C0.35)\u00bb css=\u00bb.vc_custom_1523350987126{margin-bottom: 25px !important;}\u00bb][dfd_new_team_member team_member_name=\u00bbPatrick\u00bb team_member_job_position=\u00bbGame master NL &#8211; EN\u00bb team_member_description=\u00bb\u00bb icon_size=\u00bb15&#8243; team_member_photo=\u00bb20077&#8243; title_font_options=\u00bbtag:h3&#8243; subtitle_font_options=\u00bbtag:h6&#8243; shadow=\u00bbshow\u00bb][\/vc_column][vc_column width=\u00bb1\/3&#8243; css=\u00bb.vc_custom_1523350991806{margin-bottom: 25px !important;}\u00bb col_shadow=\u00bbbox_shadow_enable:disable|shadow_horizontal:0|shadow_vertical:15|shadow_blur:50|shadow_spread:0|box_shadow_color:rgba(0%2C0%2C0%2C0.35)\u00bb col_shadow_hover=\u00bbbox_shadow_enable:disable|shadow_horizontal:0|shadow_vertical:15|shadow_blur:50|shadow_spread:0|box_shadow_color:rgba(0%2C0%2C0%2C0.35)\u00bb][dfd_new_team_member team_member_name=\u00bbBronte\u00bb team_member_job_position=\u00bbGame master EN\u00bb team_member_description=\u00bb\u00bb icon_size=\u00bb15&#8243; team_member_photo=\u00bb20071&#8243; title_font_options=\u00bbtag:h3&#8243; subtitle_font_options=\u00bbtag:h6&#8243; shadow=\u00bbshow\u00bb][\/vc_column][vc_column width=\u00bb1\/3&#8243;][dfd_new_team_member team_member_name=\u00bbHugo\u00bb team_member_job_position=\u00bbGame master ES &#8211; EN\u00bb team_member_description=\u00bb\u00bb icon_size=\u00bb15&#8243; team_member_photo=\u00bb20074&#8243; title_font_options=\u00bbtag:h3&#8243; subtitle_font_options=\u00bbtag:h6&#8243; shadow=\u00bbshow\u00bb][\/vc_column][\/vc_row][vc_row anchor=\u00bbcontact\u00bb dfd_bg_style=\u00bbimage\u00bb dfd_bg_image_new=\u00bb11750&#8243; dfd_bg_image_repeat=\u00bbno-repeat\u00bb dfd_bg_image_position=\u00bbtop\u00bb][vc_column width=\u00bb5\/12&#8243; dfd_column_responsive_enable=\u00bbdfd-column-responsive-enable\u00bb css=\u00bb.vc_custom_1523009564710{margin-right: 40px !important;margin-left: 40px !important;}\u00bb col_shadow=\u00bbbox_shadow_enable:disable|shadow_horizontal:0|shadow_vertical:15|shadow_blur:50|shadow_spread:0|box_shadow_color:rgba(0%2C0%2C0%2C0.35)\u00bb col_shadow_hover=\u00bbbox_shadow_enable:disable|shadow_horizontal:0|shadow_vertical:15|shadow_blur:50|shadow_spread:0|box_shadow_color:rgba(0%2C0%2C0%2C0.35)\u00bb responsive_styles=\u00bbpadding_left_desktop:20|padding_left_tablet:20|padding_left_mobile:20|padding_right_mobile:20&#8243;][dfd_spacer screen_wide_spacer_size=\u00bb150&#8243; screen_normal_resolution=\u00bb1280&#8243; screen_tablet_resolution=\u00bb1024&#8243; screen_mobile_resolution=\u00bb800&#8243; screen_tablet_spacer_size=\u00bb100&#8243; screen_mobile_spacer_size=\u00bb70&#8243;][dfd_heading subtitle=\u00bbWe are growing fast and are always looking for talented people to join our team! Send us an email with your contact details and we will get in touch!\u00bb content_alignment=\u00bbtext-left\u00bb module_animation=\u00bbtransition.grow\u00bb enable_delimiter=\u00bb\u00bb undefined=\u00bb\u00bb title_font_options=\u00bbtag:div\u00bb subtitle_font_options=\u00bbtag:div|color:%23fffcfc|line_height:28&#8243; heading_margin=\u00bbmargin-bottom:10&#8243; subtitle_google_fonts=\u00bbyes\u00bb subtitle_custom_fonts=\u00bbfont_family:Open%20Sans%3A300%2C300italic%2Cregular%2Citalic%2C600%2C600italic%2C700%2C700italic%2C800%2C800italic\u00bb title_responsive=\u00bbfont_size_desktop:45|line_height_desktop:45|font_size_tablet:40|line_height_tablet:42|font_size_mobile:35|line_height_mobile:37&#8243;]<span style=\"color: #ffffff;\">Want to work<\/span><br \/>\n<span style=\"color: #ffffff;\">with us?<\/span>[\/dfd_heading][dfd_spacer screen_wide_spacer_size=\u00bb30&#8243; screen_normal_resolution=\u00bb1024&#8243; screen_tablet_resolution=\u00bb800&#8243; screen_mobile_resolution=\u00bb480&#8243;][dfd_button button_text=\u00bbContact us\u00bb alignment=\u00bbtext-left\u00bb module_animation=\u00bbtransition.slideUpBigIn\u00bb border=\u00bbborder_style:solid|border_width:2|border_radius:0&#8243; hover_border=\u00bbborder_style:solid|border_width:2|border_radius:0|border_color:%23188c89&#8243; main_style=\u00bbstyle-2&#8243; undefined=\u00bb\u00bb padding_left=\u00bb30&#8243; padding_right=\u00bb30&#8243; background=\u00bb#ffffff\u00bb box_shadow=\u00bbbox_shadow_enable:disable|shadow_horizontal:0|shadow_vertical:15|shadow_blur:50|shadow_spread:0|box_shadow_color:rgba(0%2C0%2C0%2C0.35)\u00bb hover_box_shadow=\u00bbbox_shadow_enable:disable|shadow_horizontal:0|shadow_vertical:15|shadow_blur:50|shadow_spread:0|box_shadow_color:rgba(0%2C0%2C0%2C0.35)\u00bb title_font_options=\u00bbline_height:42&#8243; text_color=\u00bb#168c88&#8243; buttom_link_src=\u00bburl:https%3A%2F%2Fwww.xventura.com%2Fcontact%2F|title:Contact||\u00bb][dfd_spacer screen_wide_spacer_size=\u00bb170&#8243; screen_normal_resolution=\u00bb1280&#8243; screen_tablet_resolution=\u00bb1024&#8243; screen_mobile_resolution=\u00bb800&#8243; screen_tablet_spacer_size=\u00bb150&#8243; screen_mobile_spacer_size=\u00bb70&#8243;][\/vc_column][vc_column width=\u00bb7\/12&#8243;][\/vc_column][\/vc_row]<\/p>\n<\/div>","protected":false},"excerpt":{"rendered":"<p>[vc_row bg_check=\u00bbrow-background-dark\u00bb dfd_bg_style=\u00bbimage\u00bb dfd_bg_image_new=\u00bb12126&#8243; dfd_bg_image_repeat=\u00bbno-repeat\u00bb dfd_bg_image_new_responsive=\u00bb12127&#8243; dfd_bg_image_size_mobile=\u00bbcover\u00bb][vc_column dfd_column_responsive_enable=\u00bbdfd-column-responsive-enable\u00bb col_shadow=\u00bbbox_shadow_enable:disable|shadow_horizontal:0|shadow_vertical:15|shadow_blur:50|shadow_spread:0|box_shadow_color:rgba(0%2C0%2C0%2C0.35)\u00bb col_shadow_hover=\u00bbbox_shadow_enable:disable|shadow_horizontal:0|shadow_vertical:15|shadow_blur:50|shadow_spread:0|box_shadow_color:rgba(0%2C0%2C0%2C0.35)\u00bb responsive_styles=\u00bbpadding_left_mobile:20|padding_right_mobile:20&#8243; css=\u00bb.vc_custom_1581330130866{margin-right: 50px !important;margin-left: 20px !important;}\u00bb][dfd_spacer screen_wide_spacer_size=\u00bb350&#8243; screen_normal_resolution=\u00bb1280&#8243; screen_tablet_resolution=\u00bb1024&#8243; screen_mobile_resolution=\u00bb800&#8243;][dfd_spacer screen_wide_spacer_size=\u00bb50&#8243; screen_normal_resolution=\u00bb1280&#8243; screen_tablet_resolution=\u00bb1024&#8243; screen_mobile_resolution=\u00bb800&#8243;][\/vc_column][\/vc_row][vc_row css=\u00bb.vc_custom_1581328333152{padding-right: 20px !important;padding-left: 20px !important;}\u00bb][vc_column width=\u00bb1\/6&#8243;][\/vc_column][vc_column<\/p>\n","protected":false},"author":2,"featured_media":0,"parent":18431,"menu_order":3,"comment_status":"closed","ping_status":"closed","template":"tmp-page.php","meta":{"footnotes":""},"class_list":["post-20087","page","type-page","status-publish","hentry"],"yoast_head":"<!-- This site is optimized with the Yoast SEO plugin v27.4 - https:\/\/yoast.com\/product\/yoast-seo-wordpress\/ -->\n<title>Sobre Xventura - The story of how we believe in the power of Play<\/title>\n<meta name=\"description\" content=\"Una historia sobre nuestro equipo. \u00a1Lee aqu\u00ed c\u00f3mo cambiamos la visi\u00f3n de nuestras vidas! Acerca de Xventura\" \/>\n<meta name=\"robots\" content=\"index, follow, max-snippet:-1, max-image-preview:large, max-video-preview:-1\" \/>\n<link rel=\"canonical\" href=\"https:\/\/www.xventura.com\/es\/barcelona\/equipo\/\" \/>\n<meta property=\"og:locale\" content=\"es_ES\" \/>\n<meta property=\"og:type\" content=\"article\" \/>\n<meta property=\"og:title\" content=\"Sobre Xventura - The story of how we believe in the power of Play\" \/>\n<meta property=\"og:description\" content=\"Una historia sobre nuestro equipo. \u00a1Lee aqu\u00ed c\u00f3mo cambiamos la visi\u00f3n de nuestras vidas! Acerca de Xventura\" \/>\n<meta property=\"og:url\" content=\"https:\/\/www.xventura.com\/es\/barcelona\/equipo\/\" \/>\n<meta property=\"og:site_name\" content=\"Xventura\" \/>\n<meta property=\"article:publisher\" content=\"https:\/\/www.facebook.com\/xventurabcn\/\" \/>\n<meta property=\"article:modified_time\" content=\"2023-05-12T15:01:01+00:00\" \/>\n<meta name=\"twitter:card\" content=\"summary_large_image\" \/>\n<meta name=\"twitter:label1\" content=\"Tiempo de lectura\" \/>\n\t<meta name=\"twitter:data1\" content=\"3 minutos\" \/>\n<script type=\"application\/ld+json\" class=\"yoast-schema-graph\">{\"@context\":\"https:\\\/\\\/schema.org\",\"@graph\":[{\"@type\":\"WebPage\",\"@id\":\"https:\\\/\\\/www.xventura.com\\\/es\\\/barcelona\\\/equipo\\\/\",\"url\":\"https:\\\/\\\/www.xventura.com\\\/es\\\/barcelona\\\/equipo\\\/\",\"name\":\"Sobre Xventura - The story of how we believe in the power of Play\",\"isPartOf\":{\"@id\":\"https:\\\/\\\/www.xventura.com\\\/es\\\/#website\"},\"datePublished\":\"2023-05-12T13:52:28+00:00\",\"dateModified\":\"2023-05-12T15:01:01+00:00\",\"description\":\"Una historia sobre nuestro equipo. \u00a1Lee aqu\u00ed c\u00f3mo cambiamos la visi\u00f3n de nuestras vidas! Acerca de Xventura\",\"breadcrumb\":{\"@id\":\"https:\\\/\\\/www.xventura.com\\\/es\\\/barcelona\\\/equipo\\\/#breadcrumb\"},\"inLanguage\":\"es\",\"potentialAction\":[{\"@type\":\"ReadAction\",\"target\":[\"https:\\\/\\\/www.xventura.com\\\/es\\\/barcelona\\\/equipo\\\/\"]}]},{\"@type\":\"BreadcrumbList\",\"@id\":\"https:\\\/\\\/www.xventura.com\\\/es\\\/barcelona\\\/equipo\\\/#breadcrumb\",\"itemListElement\":[{\"@type\":\"ListItem\",\"position\":1,\"name\":\"Barcelona\",\"item\":\"https:\\\/\\\/www.xventura.com\\\/es\\\/barcelona\\\/\"},{\"@type\":\"ListItem\",\"position\":2,\"name\":\"Equipo Barcelona\"}]},{\"@type\":\"WebSite\",\"@id\":\"https:\\\/\\\/www.xventura.com\\\/es\\\/#website\",\"url\":\"https:\\\/\\\/www.xventura.com\\\/es\\\/\",\"name\":\"Xventura\",\"description\":\"A new way to discover\",\"potentialAction\":[{\"@type\":\"SearchAction\",\"target\":{\"@type\":\"EntryPoint\",\"urlTemplate\":\"https:\\\/\\\/www.xventura.com\\\/es\\\/?s={search_term_string}\"},\"query-input\":{\"@type\":\"PropertyValueSpecification\",\"valueRequired\":true,\"valueName\":\"search_term_string\"}}],\"inLanguage\":\"es\"}]}<\/script>\n<!-- \/ Yoast SEO plugin. -->","yoast_head_json":{"title":"Sobre Xventura - The story of how we believe in the power of Play","description":"Una historia sobre nuestro equipo. \u00a1Lee aqu\u00ed c\u00f3mo cambiamos la visi\u00f3n de nuestras vidas! Acerca de Xventura","robots":{"index":"index","follow":"follow","max-snippet":"max-snippet:-1","max-image-preview":"max-image-preview:large","max-video-preview":"max-video-preview:-1"},"canonical":"https:\/\/www.xventura.com\/es\/barcelona\/equipo\/","og_locale":"es_ES","og_type":"article","og_title":"Sobre Xventura - The story of how we believe in the power of Play","og_description":"Una historia sobre nuestro equipo. \u00a1Lee aqu\u00ed c\u00f3mo cambiamos la visi\u00f3n de nuestras vidas! Acerca de Xventura","og_url":"https:\/\/www.xventura.com\/es\/barcelona\/equipo\/","og_site_name":"Xventura","article_publisher":"https:\/\/www.facebook.com\/xventurabcn\/","article_modified_time":"2023-05-12T15:01:01+00:00","twitter_card":"summary_large_image","twitter_misc":{"Tiempo de lectura":"3 minutos"},"schema":{"@context":"https:\/\/schema.org","@graph":[{"@type":"WebPage","@id":"https:\/\/www.xventura.com\/es\/barcelona\/equipo\/","url":"https:\/\/www.xventura.com\/es\/barcelona\/equipo\/","name":"Sobre Xventura - The story of how we believe in the power of Play","isPartOf":{"@id":"https:\/\/www.xventura.com\/es\/#website"},"datePublished":"2023-05-12T13:52:28+00:00","dateModified":"2023-05-12T15:01:01+00:00","description":"Una historia sobre nuestro equipo. \u00a1Lee aqu\u00ed c\u00f3mo cambiamos la visi\u00f3n de nuestras vidas! Acerca de Xventura","breadcrumb":{"@id":"https:\/\/www.xventura.com\/es\/barcelona\/equipo\/#breadcrumb"},"inLanguage":"es","potentialAction":[{"@type":"ReadAction","target":["https:\/\/www.xventura.com\/es\/barcelona\/equipo\/"]}]},{"@type":"BreadcrumbList","@id":"https:\/\/www.xventura.com\/es\/barcelona\/equipo\/#breadcrumb","itemListElement":[{"@type":"ListItem","position":1,"name":"Barcelona","item":"https:\/\/www.xventura.com\/es\/barcelona\/"},{"@type":"ListItem","position":2,"name":"Equipo Barcelona"}]},{"@type":"WebSite","@id":"https:\/\/www.xventura.com\/es\/#website","url":"https:\/\/www.xventura.com\/es\/","name":"Xventura","description":"A new way to discover","potentialAction":[{"@type":"SearchAction","target":{"@type":"EntryPoint","urlTemplate":"https:\/\/www.xventura.com\/es\/?s={search_term_string}"},"query-input":{"@type":"PropertyValueSpecification","valueRequired":true,"valueName":"search_term_string"}}],"inLanguage":"es"}]}},"_links":{"self":[{"href":"https:\/\/www.xventura.com\/es\/wp-json\/wp\/v2\/pages\/20087","targetHints":{"allow":["GET"]}}],"collection":[{"href":"https:\/\/www.xventura.com\/es\/wp-json\/wp\/v2\/pages"}],"about":[{"href":"https:\/\/www.xventura.com\/es\/wp-json\/wp\/v2\/types\/page"}],"author":[{"embeddable":true,"href":"https:\/\/www.xventura.com\/es\/wp-json\/wp\/v2\/users\/2"}],"replies":[{"embeddable":true,"href":"https:\/\/www.xventura.com\/es\/wp-json\/wp\/v2\/comments?post=20087"}],"version-history":[{"count":10,"href":"https:\/\/www.xventura.com\/es\/wp-json\/wp\/v2\/pages\/20087\/revisions"}],"predecessor-version":[{"id":20126,"href":"https:\/\/www.xventura.com\/es\/wp-json\/wp\/v2\/pages\/20087\/revisions\/20126"}],"up":[{"embeddable":true,"href":"https:\/\/www.xventura.com\/es\/wp-json\/wp\/v2\/pages\/18431"}],"wp:attachment":[{"href":"https:\/\/www.xventura.com\/es\/wp-json\/wp\/v2\/media?parent=20087"}],"curies":[{"name":"wp","href":"https:\/\/api.w.org\/{rel}","templated":true}]}}