{"id":19970,"date":"2023-03-07T17:04:39","date_gmt":"2023-03-07T15:04:39","guid":{"rendered":"https:\/\/www.xventura.com\/contact-barcelona\/"},"modified":"2023-03-07T17:50:19","modified_gmt":"2023-03-07T15:50:19","slug":"contacto","status":"publish","type":"page","link":"https:\/\/www.xventura.com\/es\/barcelona\/contacto\/","title":{"rendered":"Contacto Barcelona"},"content":{"rendered":"<div class=\"wpb-content-wrapper\"><p>[vc_row bg_check=\u00bbrow-background-dark\u00bb dfd_bg_style=\u00bbimage\u00bb dfd_bg_image_new=\u00bb13143&#8243; dfd_row_responsive_enable=\u00bbdfd-row-responsive-enable\u00bb responsive_styles=\u00bbpadding_left_mobile:20|padding_right_mobile:20&#8243; css=\u00bb.vc_custom_1678202643581{padding-top: 25px !important;padding-right: 40px !important;padding-bottom: 25px !important;padding-left: 40px !important;}\u00bb][vc_column][dfd_spacer screen_wide_spacer_size=\u00bb400&#8243; screen_normal_resolution=\u00bb1280&#8243; screen_tablet_resolution=\u00bb1024&#8243; screen_mobile_resolution=\u00bb800&#8243; tutorials=\u00bb\u00bb][\/vc_column][\/vc_row][vc_row anchor=\u00bbcontact\u00bb css=\u00bb.vc_custom_1529933166061{padding-top: 25px !important;padding-right: 40px !important;padding-bottom: 25px !important;padding-left: 40px !important;}\u00bb][vc_column width=\u00bb1\/6&#8243;][\/vc_column][vc_column width=\u00bb2\/3&#8243;][dfd_spacer screen_wide_spacer_size=\u00bb25&#8243; screen_normal_resolution=\u00bb1024&#8243; screen_tablet_resolution=\u00bb800&#8243; screen_mobile_resolution=\u00bb480&#8243;][dfd_heading subtitle=\u00bb\u00bb enable_delimiter=\u00bb\u00bb undefined=\u00bb\u00bb title_font_options=\u00bbtag:h2&#8243; subtitle_font_options=\u00bbtag:div\u00bb]Cont\u00e1ctenos[\/dfd_heading][dfd_spacer screen_wide_spacer_size=\u00bb25&#8243; screen_normal_resolution=\u00bb1024&#8243; screen_tablet_resolution=\u00bb800&#8243; screen_mobile_resolution=\u00bb480&#8243;][vc_column_text]<\/p>\n<p class=\"p1\" style=\"text-align: center;\">\u00bfTiene alguna pregunta o quiere hablar de algo con nosotros? No dude en ponerse en contacto con nosotros en cualquier momento. Estamos siempre disponibles y le responderemos en 24 horas, incluso los fines de semana.<\/p>\n<p>\u00bfSiente curiosidad por nuestra experiencia \u00fanica de b\u00fasqueda del tesoro? Tambi\u00e9n puedes echar un vistazo a nuestra p\u00e1gina de <a href=\"https:\/\/www.instagram.com\/xventura_bcn\/\" target=\"_blank\" rel=\"noopener\">Instagram<\/a> para ver nuestras fotos. O tal vez le gustar\u00eda saber lo que otras personas dicen de nosotros; entonces puede consultar nuestras rese\u00f1as en <a href=\"https:\/\/g.page\/Xventuratreasurehunts\/review\" target=\"_blank\" rel=\"noopener\">Google<\/a>. En cualquier caso, siempre estaremos encantados de responder a todas tus preguntas, as\u00ed que no dudes en envi\u00e1rnoslas.<\/p>\n<p>[\/vc_column_text][dfd_spacer screen_wide_spacer_size=\u00bb35&#8243; screen_normal_resolution=\u00bb1024&#8243; screen_tablet_resolution=\u00bb800&#8243; screen_mobile_resolution=\u00bb480&#8243;][dfd_user_form fake_check_layout=\u00bbforms_00&#8243; module_animation=\u00bbtransition.slideDownBigIn\u00bb input_background=\u00bb#ffffff\u00bb show_label_text=\u00bbon\u00bb horiz_margin_btw_inputs=\u00bb10&#8243; button_border_radius=\u00bb0&#8243; email_subject=\u00bbMessage via contact pagina Barcelona\u00bb check_layout=\u00bbforms_00.php\u00bb check_layout_forms_00=\u00bb{\u00ab1\u00ab:{\u00abtext_name\u00ab:{\u00abrequired-1\u00ab:\u00ab1\u00ab,\u00abname\u00ab:\u00abName\u00ab,\u00abakismet_comment_author-1\u00ab:\u00ab1\u00ab}},\u00ab2\u00ab:{\u00abemail\u00ab:{\u00abname\u00ab:\u00abEmail\u00ab,\u00abrequired-1\u00ab:\u00ab1\u00ab,\u00abakismet_comment_author_email-1\u00ab:\u00ab1\u00ab}},\u00ab3\u00ab:{\u00abtext_name\u00ab:{\u00abname\u00ab:\u00abDetails group\u00ab,\u00abname\u00ab:\u00abDetails group\u00ab}},\u00ab4\u00ab:{\u00abtelephone\u00ab:{\u00abname\u00ab:\u00abTelephone\u00ab}},\u00ab5\u00ab:{\u00abtextarea_name\u00ab:{\u00abname\u00ab:\u00abMessage\u00ab}}}\u00bb]Er is een bericht binnen gekomen via het contactformulier op de \u00abcontact pagina Barcelona\u00bb met de volgende gegevens:<\/p>\n<p>Van: {{text_name-1}}<br \/>\nEmail: {{email-2}}<br \/>\nStad:{{drop_down-3}}<br \/>\nTelefoonnummer:\u00a0{{telephone-4}}<\/p>\n<p>Bericht:<br \/>\n{{textarea_name-5}}[\/dfd_user_form][dfd_spacer screen_wide_spacer_size=\u00bb25&#8243; screen_normal_resolution=\u00bb1024&#8243; screen_tablet_resolution=\u00bb800&#8243; screen_mobile_resolution=\u00bb480&#8243;][\/vc_column][vc_column width=\u00bb1\/6&#8243;][\/vc_column][\/vc_row][vc_row css=\u00bb.vc_custom_1556741888206{padding-top: 25px !important;padding-right: 25px !important;padding-bottom: 25px !important;padding-left: 25px !important;background-color: #ffffff !important;}\u00bb][vc_column width=\u00bb1\/3&#8243;][dfd_spacer screen_wide_spacer_size=\u00bb50&#8243; screen_normal_resolution=\u00bb1024&#8243; screen_tablet_resolution=\u00bb800&#8243; screen_mobile_resolution=\u00bb480&#8243;][dfd_info_box module_animation=\u00bbtransition.slideUpBigIn\u00bb title=\u00bbGoogle\u00bb subtitle=\u00bb\u00bb main_content=\u00bb\u00bb read_more=\u00bbbox\u00bb ic_dfd_icons=\u00bbdfd-socicon-google\u00bb main_style=\u00bbstyle-1&#8243; main_layout=\u00bblayout-1&#8243; undefined=\u00bb\u00bb title_font_options=\u00bbtag:div|font_size:25|color:%23f18f01|line_height:28|letter_spacing:-1&#8243; icon_color=\u00bb#f18f01&#8243; title_responsive=\u00bbfont_size_tablet:22|line_height_tablet:26&#8243; link=\u00bburl:https%3A%2F%2Fg.page%2FXventuratreasurehunts%3Fshare|title:Google|target:_blank\u00bb][dfd_spacer screen_wide_spacer_size=\u00bb50&#8243; screen_normal_resolution=\u00bb1024&#8243; screen_tablet_resolution=\u00bb800&#8243; screen_mobile_resolution=\u00bb480&#8243;][\/vc_column][vc_column width=\u00bb1\/3&#8243;][dfd_spacer screen_wide_spacer_size=\u00bb50&#8243; screen_normal_resolution=\u00bb1024&#8243; screen_tablet_resolution=\u00bb800&#8243; screen_mobile_resolution=\u00bb480&#8243;][dfd_info_box module_animation=\u00bbtransition.slideUpBigIn\u00bb title=\u00bbEmail\u00bb subtitle=\u00bb\u00bb main_content=\u00bb\u00bb read_more=\u00bbbox\u00bb ic_dfd_icons=\u00bbdfd-socicon-mail\u00bb main_style=\u00bbstyle-1&#8243; main_layout=\u00bblayout-1&#8243; undefined=\u00bb\u00bb title_font_options=\u00bbtag:div|font_size:25|color:%23f18f01|line_height:28|letter_spacing:-1&#8243; icon_color=\u00bb#f18f01&#8243; title_responsive=\u00bbfont_size_tablet:22|line_height_tablet:26&#8243; link=\u00bburl:mailto%3Ainfo%40xventura.com|||\u00bb][dfd_spacer screen_wide_spacer_size=\u00bb50&#8243; screen_normal_resolution=\u00bb1024&#8243; screen_tablet_resolution=\u00bb800&#8243; screen_mobile_resolution=\u00bb480&#8243;][\/vc_column][vc_column width=\u00bb1\/3&#8243;][dfd_spacer screen_wide_spacer_size=\u00bb50&#8243; screen_normal_resolution=\u00bb1024&#8243; screen_tablet_resolution=\u00bb800&#8243; screen_mobile_resolution=\u00bb480&#8243;][dfd_info_box module_animation=\u00bbtransition.slideUpBigIn\u00bb title=\u00bbWhatsapp\u00bb subtitle=\u00bb\u00bb main_content=\u00bb\u00bb read_more=\u00bbbox\u00bb ic_dfd_icons=\u00bbdfd-socicon-whatsapp\u00bb main_style=\u00bbstyle-1&#8243; main_layout=\u00bblayout-1&#8243; undefined=\u00bb\u00bb title_font_options=\u00bbtag:div|font_size:25|color:%23f18f01|line_height:28|letter_spacing:-1&#8243; icon_color=\u00bb#f18f01&#8243; title_responsive=\u00bbfont_size_tablet:22|line_height_tablet:26&#8243; link=\u00bburl:https%3A%2F%2Fapi.whatsapp.com%2Fsend%3Fphone%3D34635318630|target:_blank\u00bb][dfd_spacer screen_wide_spacer_size=\u00bb50&#8243; screen_normal_resolution=\u00bb1024&#8243; screen_tablet_resolution=\u00bb800&#8243; screen_mobile_resolution=\u00bb480&#8243;][\/vc_column][vc_column][dfd_spacer screen_wide_spacer_size=\u00bb25&#8243; screen_normal_resolution=\u00bb1024&#8243; screen_tablet_resolution=\u00bb800&#8243; screen_mobile_resolution=\u00bb480&#8243;][\/vc_column][\/vc_row][vc_row dfd_bg_style=\u00bbgradient\u00bb css=\u00bb.vc_custom_1523372418350{padding-top: 50px !important;padding-right: 40px !important;padding-bottom: 50px !important;padding-left: 40px !important;}\u00bb dfd_bg_grad=\u00bbgradient_style:left|gradient_css:background%3A%20url(data%3Aimage%2Fsvg%2Bxml%3Bbase64%2CPHN2ZyB4bWxucz0iaHR0cDovL3d3dy53My5vcmcvMjAwMC9zdmciPjxkZWZzPjxsaW5lYXJHcmFkaWVudCBpZD0iZ3JhZGllbnQiIHgxPSIwJSIgeTE9IjAlIiB4Mj0iMCUiIHkyPSIxMDAlIj48c3RvcCBvZmZzZXQ9IjAlIiBzdHlsZT0ic3RvcC1jb2xvcjojRjJGMkYyOyIgLz48c3RvcCBvZmZzZXQ9IjEwMCUiIHN0eWxlPSJzdG9wLWNvbG9yOiNGMkYyRjI7IiAvPjwvbGluZWFyR3JhZGllbnQ%2BPC9kZWZzPjxyZWN0IGZpbGw9InVybCgjZ3JhZGllbnQpIiBoZWlnaHQ9IjEwMCUiIHdpZHRoPSIxMDAlIiAvPjwvc3ZnPg%3D%3D)%3B%0Abackground%3A%20-webkit-gradient(linear%2C%20left%20top%2C%20left%20bottom%2C%20color-stop(0%25%2C%20%23F2F2F2)%2C%20color-stop(100%25%2C%20%23F2F2F2))%3B%0Abackground%3A%20-moz-linear-gradient(left%2C%23F2F2F2%200%25%2C%23F2F2F2%20100%25)%3B%0Abackground%3A%20-webkit-linear-gradient(left%2C%23F2F2F2%200%25%2C%23F2F2F2%20100%25)%3B%0Abackground%3A%20-o-linear-gradient(left%2C%23F2F2F2%200%25%2C%23F2F2F2%20100%25)%3B%0Abackground%3A%20-ms-linear-gradient(left%2C%23F2F2F2%200%25%2C%23F2F2F2%20100%25)%3B%0Abackground%3A%20linear-gradient(left%2C%23F2F2F2%200%25%2C%23F2F2F2%20100%25)%3B|gradient_value:0%25%20%23F2F2F2%2C100%25%20%23F2F2F2&#8243;][vc_column width=\u00bb2\/3&#8243;][dfd_google_map map_style=\u00bbbecomeadinosaur\u00bb location_list=\u00bb%5B%7B%22show_tooltip%22%3A%22marker%22%2C%22tooltip_show_setting%22%3A%22always_show%22%2C%22marker_location%22%3A%22Pla%C3%A7a%20Comercial%2C%2011%2C%2008003%20Barcelona%2C%20Spain%22%2C%22title_marker_content%22%3A%22Xventura%20Barcelona%22%2C%22location_list2%22%3A%22%255B%257B%257D%255D%22%7D%5D\u00bb module_animation=\u00bbtransition.grow\u00bb x_pan=\u00bb0&#8243; y_pan=\u00bb0&#8243;][\/vc_column][vc_column width=\u00bb1\/3&#8243;][dfd_spacer screen_wide_spacer_size=\u00bb50&#8243; screen_normal_resolution=\u00bb1024&#8243; screen_tablet_resolution=\u00bb800&#8243; screen_mobile_resolution=\u00bb480&#8243; screen_mobile_spacer_size=\u00bb25&#8243;][dfd_heading subtitle=\u00bb\u00bb content_alignment=\u00bbtext-left\u00bb module_animation=\u00bbtransition.expandIn\u00bb enable_delimiter=\u00bb\u00bb undefined=\u00bb\u00bb title_font_options=\u00bbtag:div|font_size:25&#8243; subtitle_font_options=\u00bbtag:div|line_height:28|font_style_bold:1&#8243; heading_margin=\u00bbmargin-bottom:10&#8243; title_responsive=\u00bbfont_size_desktop:32|line_height_desktop:36|font_size_tablet:30|line_height_tablet:32|font_size_mobile:24|line_height_mobile:28&#8243; subtitle_responsive=\u00bbline_height_tablet:26|font_size_mobile:13|line_height_mobile:22&#8243;]Punto de encuentro<br \/>\nXventura BCN[\/dfd_heading][vc_column_text]B\u00fasquedas del tesoro \u00fanicas en Barcelona<br \/>\nPunto de encuentro junto a la entrada del Mercat del Born(CCCM).<br \/>\nPla\u00e7a Comercial, 11,<br \/>\n08003 Barcelona<br \/>\n<a href=\"tel:+34635318630\">+34 635 318 630<\/a><br \/>\n<a href=\"mailto:info@xventura.com\">info@xventura.com<br \/>\n<\/a><a href=\"https:\/\/www.xventura.com\/es\/\">www.xventura.com<\/a>[\/vc_column_text][dfd_spacer screen_wide_spacer_size=\u00bb50&#8243; screen_normal_resolution=\u00bb1024&#8243; screen_tablet_resolution=\u00bb800&#8243; screen_mobile_resolution=\u00bb480&#8243; screen_tablet_spacer_size=\u00bb25&#8243;][dfd_spacer screen_wide_spacer_size=\u00bb50&#8243; screen_normal_resolution=\u00bb1024&#8243; screen_tablet_resolution=\u00bb800&#8243; screen_mobile_resolution=\u00bb480&#8243; screen_tablet_spacer_size=\u00bb25&#8243;][\/vc_column][\/vc_row]<\/p>\n<\/div>","protected":false},"excerpt":{"rendered":"<p>[vc_row bg_check=\u00bbrow-background-dark\u00bb dfd_bg_style=\u00bbimage\u00bb dfd_bg_image_new=\u00bb13143&#8243; dfd_row_responsive_enable=\u00bbdfd-row-responsive-enable\u00bb responsive_styles=\u00bbpadding_left_mobile:20|padding_right_mobile:20&#8243; css=\u00bb.vc_custom_1678202643581{padding-top: 25px !important;padding-right: 40px !important;padding-bottom: 25px !important;padding-left: 40px !important;}\u00bb][vc_column][dfd_spacer screen_wide_spacer_size=\u00bb400&#8243; screen_normal_resolution=\u00bb1280&#8243; screen_tablet_resolution=\u00bb1024&#8243; screen_mobile_resolution=\u00bb800&#8243; tutorials=\u00bb\u00bb][\/vc_column][\/vc_row][vc_row anchor=\u00bbcontact\u00bb css=\u00bb.vc_custom_1529933166061{padding-top: 25px !important;padding-right: 40px !important;padding-bottom: 25px !important;padding-left: 40px !important;}\u00bb][vc_column<\/p>\n","protected":false},"author":2,"featured_media":0,"parent":18431,"menu_order":0,"comment_status":"closed","ping_status":"closed","template":"tmp-page.php","meta":{"footnotes":""},"class_list":["post-19970","page","type-page","status-publish","hentry"],"yoast_head":"<!-- This site is optimized with the Yoast SEO plugin v27.6 - https:\/\/yoast.com\/product\/yoast-seo-wordpress\/ -->\n<title>P\u00f3ngase en contacto con Xventura Barcelona | Env\u00edenos sus preguntas<\/title>\n<meta name=\"description\" content=\"\u00bfAlguna pregunta? Env\u00edenos un correo electr\u00f3nico o un mensaje de texto y nos pondremos en contacto con usted en 24 horas.\" \/>\n<meta name=\"robots\" content=\"index, follow, max-snippet:-1, max-image-preview:large, max-video-preview:-1\" \/>\n<link rel=\"canonical\" href=\"https:\/\/www.xventura.com\/es\/barcelona\/contacto\/\" \/>\n<meta property=\"og:locale\" content=\"es_ES\" \/>\n<meta property=\"og:type\" content=\"article\" \/>\n<meta property=\"og:title\" content=\"P\u00f3ngase en contacto con Xventura Barcelona | Env\u00edenos sus preguntas\" \/>\n<meta property=\"og:description\" content=\"\u00bfAlguna pregunta? Env\u00edenos un correo electr\u00f3nico o un mensaje de texto y nos pondremos en contacto con usted en 24 horas.\" \/>\n<meta property=\"og:url\" content=\"https:\/\/www.xventura.com\/es\/barcelona\/contacto\/\" \/>\n<meta property=\"og:site_name\" content=\"Xventura\" \/>\n<meta property=\"article:publisher\" content=\"https:\/\/www.facebook.com\/xventurabcn\/\" \/>\n<meta property=\"article:modified_time\" content=\"2023-03-07T15:50:19+00:00\" \/>\n<meta name=\"twitter:card\" content=\"summary_large_image\" \/>\n<meta name=\"twitter:label1\" content=\"Tiempo de lectura\" \/>\n\t<meta name=\"twitter:data1\" content=\"6 minutos\" \/>\n<script type=\"application\/ld+json\" class=\"yoast-schema-graph\">{\"@context\":\"https:\\\/\\\/schema.org\",\"@graph\":[{\"@type\":\"WebPage\",\"@id\":\"https:\\\/\\\/www.xventura.com\\\/es\\\/barcelona\\\/contacto\\\/\",\"url\":\"https:\\\/\\\/www.xventura.com\\\/es\\\/barcelona\\\/contacto\\\/\",\"name\":\"P\u00f3ngase en contacto con Xventura Barcelona | Env\u00edenos sus preguntas\",\"isPartOf\":{\"@id\":\"https:\\\/\\\/www.xventura.com\\\/es\\\/#website\"},\"datePublished\":\"2023-03-07T15:04:39+00:00\",\"dateModified\":\"2023-03-07T15:50:19+00:00\",\"description\":\"\u00bfAlguna pregunta? Env\u00edenos un correo electr\u00f3nico o un mensaje de texto y nos pondremos en contacto con usted en 24 horas.\",\"breadcrumb\":{\"@id\":\"https:\\\/\\\/www.xventura.com\\\/es\\\/barcelona\\\/contacto\\\/#breadcrumb\"},\"inLanguage\":\"es\",\"potentialAction\":[{\"@type\":\"ReadAction\",\"target\":[\"https:\\\/\\\/www.xventura.com\\\/es\\\/barcelona\\\/contacto\\\/\"]}]},{\"@type\":\"BreadcrumbList\",\"@id\":\"https:\\\/\\\/www.xventura.com\\\/es\\\/barcelona\\\/contacto\\\/#breadcrumb\",\"itemListElement\":[{\"@type\":\"ListItem\",\"position\":1,\"name\":\"Barcelona\",\"item\":\"https:\\\/\\\/www.xventura.com\\\/es\\\/barcelona\\\/\"},{\"@type\":\"ListItem\",\"position\":2,\"name\":\"Contacto Barcelona\"}]},{\"@type\":\"WebSite\",\"@id\":\"https:\\\/\\\/www.xventura.com\\\/es\\\/#website\",\"url\":\"https:\\\/\\\/www.xventura.com\\\/es\\\/\",\"name\":\"Xventura\",\"description\":\"A new way to discover\",\"potentialAction\":[{\"@type\":\"SearchAction\",\"target\":{\"@type\":\"EntryPoint\",\"urlTemplate\":\"https:\\\/\\\/www.xventura.com\\\/es\\\/?s={search_term_string}\"},\"query-input\":{\"@type\":\"PropertyValueSpecification\",\"valueRequired\":true,\"valueName\":\"search_term_string\"}}],\"inLanguage\":\"es\"}]}<\/script>\n<!-- \/ Yoast SEO plugin. -->","yoast_head_json":{"title":"P\u00f3ngase en contacto con Xventura Barcelona | Env\u00edenos sus preguntas","description":"\u00bfAlguna pregunta? Env\u00edenos un correo electr\u00f3nico o un mensaje de texto y nos pondremos en contacto con usted en 24 horas.","robots":{"index":"index","follow":"follow","max-snippet":"max-snippet:-1","max-image-preview":"max-image-preview:large","max-video-preview":"max-video-preview:-1"},"canonical":"https:\/\/www.xventura.com\/es\/barcelona\/contacto\/","og_locale":"es_ES","og_type":"article","og_title":"P\u00f3ngase en contacto con Xventura Barcelona | Env\u00edenos sus preguntas","og_description":"\u00bfAlguna pregunta? Env\u00edenos un correo electr\u00f3nico o un mensaje de texto y nos pondremos en contacto con usted en 24 horas.","og_url":"https:\/\/www.xventura.com\/es\/barcelona\/contacto\/","og_site_name":"Xventura","article_publisher":"https:\/\/www.facebook.com\/xventurabcn\/","article_modified_time":"2023-03-07T15:50:19+00:00","twitter_card":"summary_large_image","twitter_misc":{"Tiempo de lectura":"6 minutos"},"schema":{"@context":"https:\/\/schema.org","@graph":[{"@type":"WebPage","@id":"https:\/\/www.xventura.com\/es\/barcelona\/contacto\/","url":"https:\/\/www.xventura.com\/es\/barcelona\/contacto\/","name":"P\u00f3ngase en contacto con Xventura Barcelona | Env\u00edenos sus preguntas","isPartOf":{"@id":"https:\/\/www.xventura.com\/es\/#website"},"datePublished":"2023-03-07T15:04:39+00:00","dateModified":"2023-03-07T15:50:19+00:00","description":"\u00bfAlguna pregunta? Env\u00edenos un correo electr\u00f3nico o un mensaje de texto y nos pondremos en contacto con usted en 24 horas.","breadcrumb":{"@id":"https:\/\/www.xventura.com\/es\/barcelona\/contacto\/#breadcrumb"},"inLanguage":"es","potentialAction":[{"@type":"ReadAction","target":["https:\/\/www.xventura.com\/es\/barcelona\/contacto\/"]}]},{"@type":"BreadcrumbList","@id":"https:\/\/www.xventura.com\/es\/barcelona\/contacto\/#breadcrumb","itemListElement":[{"@type":"ListItem","position":1,"name":"Barcelona","item":"https:\/\/www.xventura.com\/es\/barcelona\/"},{"@type":"ListItem","position":2,"name":"Contacto Barcelona"}]},{"@type":"WebSite","@id":"https:\/\/www.xventura.com\/es\/#website","url":"https:\/\/www.xventura.com\/es\/","name":"Xventura","description":"A new way to discover","potentialAction":[{"@type":"SearchAction","target":{"@type":"EntryPoint","urlTemplate":"https:\/\/www.xventura.com\/es\/?s={search_term_string}"},"query-input":{"@type":"PropertyValueSpecification","valueRequired":true,"valueName":"search_term_string"}}],"inLanguage":"es"}]}},"_links":{"self":[{"href":"https:\/\/www.xventura.com\/es\/wp-json\/wp\/v2\/pages\/19970","targetHints":{"allow":["GET"]}}],"collection":[{"href":"https:\/\/www.xventura.com\/es\/wp-json\/wp\/v2\/pages"}],"about":[{"href":"https:\/\/www.xventura.com\/es\/wp-json\/wp\/v2\/types\/page"}],"author":[{"embeddable":true,"href":"https:\/\/www.xventura.com\/es\/wp-json\/wp\/v2\/users\/2"}],"replies":[{"embeddable":true,"href":"https:\/\/www.xventura.com\/es\/wp-json\/wp\/v2\/comments?post=19970"}],"version-history":[{"count":5,"href":"https:\/\/www.xventura.com\/es\/wp-json\/wp\/v2\/pages\/19970\/revisions"}],"predecessor-version":[{"id":19984,"href":"https:\/\/www.xventura.com\/es\/wp-json\/wp\/v2\/pages\/19970\/revisions\/19984"}],"up":[{"embeddable":true,"href":"https:\/\/www.xventura.com\/es\/wp-json\/wp\/v2\/pages\/18431"}],"wp:attachment":[{"href":"https:\/\/www.xventura.com\/es\/wp-json\/wp\/v2\/media?parent=19970"}],"curies":[{"name":"wp","href":"https:\/\/api.w.org\/{rel}","templated":true}]}}