{"id":19851,"date":"2022-12-09T12:19:10","date_gmt":"2022-12-09T10:19:10","guid":{"rendered":"https:\/\/www.xventura.com\/?page_id=19851"},"modified":"2025-01-23T16:06:09","modified_gmt":"2025-01-23T14:06:09","slug":"busquedas-del-tesoro","status":"publish","type":"page","link":"https:\/\/www.xventura.com\/es\/barcelona\/busquedas-del-tesoro\/","title":{"rendered":"B\u00fasquedas"},"content":{"rendered":"<div class=\"wpb-content-wrapper\"><p>[vc_row row_effect=\u00bbdfd-fade-on-scroll\u00bb bg_check=\u00bbrow-background-dark\u00bb dfd_bg_style=\u00bbimage\u00bb dfd_bg_image_new=\u00bb16121&#8243; dfd_image_bg_color=\u00bbrgba(10,10,10,0.09)\u00bb dfd_bg_image_new_responsive=\u00bb16123&#8243; dfd_bg_resolution=\u00bb800&#8243; dfd_bg_image_position_mobile=\u00bbcenter\u00bb][vc_column][dfd_spacer screen_wide_spacer_size=\u00bb300&#8243; screen_normal_resolution=\u00bb1280&#8243; screen_tablet_resolution=\u00bb1024&#8243; screen_mobile_resolution=\u00bb800&#8243;][dfd_spacer screen_wide_spacer_size=\u00bb100&#8243; screen_normal_resolution=\u00bb1280&#8243; screen_tablet_resolution=\u00bb1024&#8243; screen_mobile_resolution=\u00bb800&#8243;][\/vc_column][\/vc_row][vc_row dfd_row_responsive_enable=\u00bbdfd-row-responsive-enable\u00bb responsive_styles=\u00bbpadding_left_mobile:20|padding_right_mobile:20&#8243; css=\u00bb.vc_custom_1556784890390{padding-top: 25px !important;padding-right: 40px !important;padding-bottom: 25px !important;padding-left: 40px !important;}\u00bb][vc_column width=\u00bb1\/6&#8243;][\/vc_column][vc_column width=\u00bb2\/3&#8243;][dfd_spacer screen_wide_spacer_size=\u00bb50&#8243; screen_normal_resolution=\u00bb1024&#8243; screen_tablet_resolution=\u00bb800&#8243; screen_mobile_resolution=\u00bb480&#8243; screen_normal_spacer_size=\u00bb25&#8243; screen_tablet_spacer_size=\u00bb25&#8243; screen_mobile_spacer_size=\u00bb15&#8243;][dfd_heading style=\u00bbstyle_05&#8243; subtitle=\u00bbComienza el juego\u00bb delimiter_settings=\u00bbdelimiter_style:solid|delimiter_width:80|delimiter_height:1&#8243; undefined=\u00bb\u00bb title_font_options=\u00bbtag:h1&#8243; subtitle_font_options=\u00bbtag:div|font_size:30|color:%231a8c8a|line_height:40&#8243; title_responsive=\u00bbfont_size_mobile:30|line_height_mobile:55&#8243; subtitle_responsive=\u00bbfont_size_mobile:20|line_height_mobile:35&#8243;]B\u00fasquedes de tesoros[\/dfd_heading][dfd_spacer screen_wide_spacer_size=\u00bb35&#8243; screen_normal_resolution=\u00bb1024&#8243; screen_tablet_resolution=\u00bb800&#8243; screen_mobile_resolution=\u00bb480&#8243; screen_normal_spacer_size=\u00bb35&#8243; screen_tablet_spacer_size=\u00bb25&#8243; screen_mobile_spacer_size=\u00bb25&#8243;][vc_column_text]<\/p>\n<p style=\"text-align: center;\">En esta p\u00e1gina encontrar\u00e1 todas nuestras b\u00fasquedas del tesoro en Barcelona. Consulta qu\u00e9 ruta se adapta a tu grupo y haz clic en el enlace para obtener m\u00e1s informaci\u00f3n. Re\u00fane a tus amigos, colegas o familiares. Elige el juego que m\u00e1s te guste y \u00a1empieza la b\u00fasqueda! Si tienes alguna pregunta o duda, no dudes en ponerte en <a href=\"mailto:barcelona@xventura.com\">contacto<\/a> con nosotros en cualquier momento.<\/p>\n<p>[\/vc_column_text][dfd_spacer screen_wide_spacer_size=\u00bb65&#8243; screen_normal_resolution=\u00bb1024&#8243; screen_tablet_resolution=\u00bb800&#8243; screen_mobile_resolution=\u00bb480&#8243; screen_normal_spacer_size=\u00bb35&#8243; screen_tablet_spacer_size=\u00bb25&#8243; screen_mobile_spacer_size=\u00bb25&#8243;][\/vc_column][vc_column width=\u00bb1\/6&#8243;][\/vc_column][\/vc_row][vc_row dfd_row_responsive_enable=\u00bbdfd-row-responsive-enable\u00bb responsive_styles=\u00bbpadding_top_mobile:25|padding_bottom_mobile:25|padding_left_mobile:25|padding_right_mobile:25&#8243;][vc_column width=\u00bb1\/3&#8243; dfd_column_responsive_enable=\u00bbdfd-column-responsive-enable\u00bb col_shadow=\u00bbbox_shadow_enable:disable|shadow_horizontal:0|shadow_vertical:15|shadow_blur:50|shadow_spread:0|box_shadow_color:rgba(0%2C0%2C0%2C0.35)\u00bb col_shadow_hover=\u00bbbox_shadow_enable:disable|shadow_horizontal:0|shadow_vertical:15|shadow_blur:50|shadow_spread:0|box_shadow_color:rgba(0%2C0%2C0%2C0.35)\u00bb responsive_styles=\u00bbpadding_top_mobile:25|padding_bottom_mobile:25&#8243;][dfd_info_banner style=\u00bbstyle-22&#8243; module_animation=\u00bbtransition.slideLeftBigIn\u00bb img_width=\u00bb300&#8243; img_height=\u00bb250&#8243; title=\u00bbEl Artista\u00bb subtitle=\u00bbLa caza del cuadro desaparecido de Picasso.\u00bb banner_content=\u00bb6 &#8211; 30 personas<br \/>\n2 horas<br \/>\nPrecio 35,00 \u20ac pp.<br \/>\nEmpresas\/Familias\/Amigos\u00bb read_more=\u00bbbox\u00bb readmore_style=\u00bbread-more-7&#8243; readmore_text=\u00bbM\u00e1s Info\u00bb shadow_style=\u00bbhover\u00bb hover_box_shadow=\u00bbbox_shadow_enable:disable|shadow_horizontal:0|shadow_vertical:15|shadow_blur:50|shadow_spread:0|box_shadow_color:rgba(0%2C0%2C0%2C0.35)\u00bb image=\u00bb16712&#8243; link=\u00bburl:https%3A%2F%2Fwww.xventura.com%2Fes%2Fbarcelona%2Fel-artista%2F|title:El%20Artista\u00bb readmore_show=\u00bbshow\u00bb title_font_options=\u00bbtag:div|font_size:30|line_height:50&#8243; subtitle_font_options=\u00bbtag:div\u00bb font_options=\u00bbtag:div\u00bb shadow=\u00bbshow\u00bb][\/vc_column][vc_column width=\u00bb1\/3&#8243; dfd_column_responsive_enable=\u00bbdfd-column-responsive-enable\u00bb col_shadow=\u00bbbox_shadow_enable:disable|shadow_horizontal:0|shadow_vertical:15|shadow_blur:50|shadow_spread:0|box_shadow_color:rgba(0%2C0%2C0%2C0.35)\u00bb col_shadow_hover=\u00bbbox_shadow_enable:disable|shadow_horizontal:0|shadow_vertical:15|shadow_blur:50|shadow_spread:0|box_shadow_color:rgba(0%2C0%2C0%2C0.35)\u00bb responsive_styles=\u00bbpadding_top_mobile:25|padding_bottom_mobile:25&#8243;][dfd_info_banner style=\u00bbstyle-22&#8243; module_animation=\u00bbtransition.slideDownBigIn\u00bb img_width=\u00bb300&#8243; img_height=\u00bb250&#8243; title=\u00bbEl Explorador\u00bb subtitle=\u00bbEncuentre el cuaderno de viaje de Col\u00f3n.\u00bb banner_content=\u00bb6 &#8211; 30 personas<br \/>\n2 horas<br \/>\nPrecio 35,00 \u20ac pp.<br \/>\nEmpresas\/Familias\/Amigos\u00bb read_more=\u00bbbox\u00bb readmore_style=\u00bbread-more-7&#8243; readmore_text=\u00bbM\u00e1s Info\u00bb shadow_style=\u00bbhover\u00bb hover_box_shadow=\u00bbbox_shadow_enable:disable|shadow_horizontal:0|shadow_vertical:15|shadow_blur:50|shadow_spread:0|box_shadow_color:rgba(0%2C0%2C0%2C0.35)\u00bb image=\u00bb16744&#8243; link=\u00bburl:https%3A%2F%2Fwww.xventura.com%2Fes%2Fbarcelona%2Fel-explorador%2F|title:El%20Explorador\u00bb readmore_show=\u00bbshow\u00bb title_font_options=\u00bbtag:div|font_size:30|line_height:50&#8243; subtitle_font_options=\u00bbtag:div\u00bb font_options=\u00bbtag:div\u00bb shadow=\u00bbshow\u00bb tutorials=\u00bb\u00bb][\/vc_column][vc_column width=\u00bb1\/3&#8243; dfd_column_responsive_enable=\u00bbdfd-column-responsive-enable\u00bb col_shadow=\u00bbbox_shadow_enable:disable|shadow_horizontal:0|shadow_vertical:15|shadow_blur:50|shadow_spread:0|box_shadow_color:rgba(0%2C0%2C0%2C0.35)\u00bb col_shadow_hover=\u00bbbox_shadow_enable:disable|shadow_horizontal:0|shadow_vertical:15|shadow_blur:50|shadow_spread:0|box_shadow_color:rgba(0%2C0%2C0%2C0.35)\u00bb responsive_styles=\u00bbpadding_top_mobile:25|padding_bottom_mobile:25&#8243;][dfd_info_banner style=\u00bbstyle-22&#8243; module_animation=\u00bbtransition.slideRightBigIn\u00bb img_width=\u00bb300&#8243; img_height=\u00bb250&#8243; title=\u00bbEl Detective\u00bb subtitle=\u00bb\u00a1Como verdaderos detectives!\u00bb banner_content=\u00bb5 &#8211; 20 jugadores<br \/>\n1,5 horas<br \/>\nPrecio 24,50 \u20ac pp.<br \/>\nFamilias con ni\u00f1os\u00bb read_more=\u00bbbox\u00bb readmore_style=\u00bbread-more-7&#8243; readmore_text=\u00bbM\u00c1S INFO\u00bb shadow_style=\u00bbhover\u00bb hover_box_shadow=\u00bbbox_shadow_enable:disable|shadow_horizontal:0|shadow_vertical:15|shadow_blur:50|shadow_spread:0|box_shadow_color:rgba(0%2C0%2C0%2C0.35)\u00bb image=\u00bb15916&#8243; link=\u00bburl:https%3A%2F%2Fwww.xventura.com%2Fbarcelona%2Fthe-detective%2F|title:The%20Detective||\u00bb readmore_show=\u00bbshow\u00bb title_font_options=\u00bbtag:div|font_size:30|line_height:50&#8243; subtitle_font_options=\u00bbtag:div\u00bb font_options=\u00bbtag:div\u00bb shadow=\u00bbshow\u00bb tutorials=\u00bb\u00bb][\/vc_column][\/vc_row][vc_row dfd_row_responsive_enable=\u00bbdfd-row-responsive-enable\u00bb responsive_styles=\u00bbmargin_top_mobile:-60|margin_bottom_mobile:-60&#8243;][vc_column][dfd_spacer screen_wide_spacer_size=\u00bb130&#8243; screen_normal_resolution=\u00bb1024&#8243; screen_tablet_resolution=\u00bb800&#8243; screen_mobile_resolution=\u00bb480&#8243; screen_normal_spacer_size=\u00bb100&#8243; screen_tablet_spacer_size=\u00bb70&#8243;][\/vc_column][\/vc_row][vc_row][vc_column width=\u00bb1\/3&#8243; dfd_column_responsive_enable=\u00bbdfd-column-responsive-enable\u00bb col_shadow=\u00bbbox_shadow_enable:disable|shadow_horizontal:0|shadow_vertical:15|shadow_blur:50|shadow_spread:0|box_shadow_color:rgba(0%2C0%2C0%2C0.35)\u00bb col_shadow_hover=\u00bbbox_shadow_enable:disable|shadow_horizontal:0|shadow_vertical:15|shadow_blur:50|shadow_spread:0|box_shadow_color:rgba(0%2C0%2C0%2C0.35)\u00bb responsive_styles=\u00bbpadding_top_mobile:25|padding_bottom_mobile:25&#8243;][dfd_info_banner style=\u00bbstyle-22&#8243; module_animation=\u00bbtransition.slideUpBigIn\u00bb img_width=\u00bb300&#8243; img_height=\u00bb250&#8243; title=\u00bbEl Atracador\u00bb subtitle=\u00bb\u00a1Encuentra el dinero robado!\u00bb banner_content=\u00bb25 &#8211; 100 personas<br \/>\n2,5 horas<br \/>\nPrecio 35,00 euros pp.<br \/>\nEmpresas\u00bb read_more=\u00bbbox\u00bb readmore_style=\u00bbread-more-7&#8243; readmore_text=\u00bbM\u00c1S INFO\u00bb shadow_style=\u00bbhover\u00bb hover_box_shadow=\u00bbbox_shadow_enable:disable|shadow_horizontal:0|shadow_vertical:15|shadow_blur:50|shadow_spread:0|box_shadow_color:rgba(0%2C0%2C0%2C0.35)\u00bb image=\u00bb15976&#8243; link=\u00bburl:https%3A%2F%2Fwww.xventura.com%2Fes%2Fbarcelona%2Fel-atracador%2F|title:El%20Atracador\u00bb readmore_show=\u00bbshow\u00bb title_font_options=\u00bbtag:div|font_size:30|line_height:50&#8243; subtitle_font_options=\u00bbtag:div\u00bb font_options=\u00bbtag:div\u00bb shadow=\u00bbshow\u00bb tutorials=\u00bb\u00bb][\/vc_column][vc_column width=\u00bb1\/3&#8243; dfd_column_responsive_enable=\u00bbdfd-column-responsive-enable\u00bb col_shadow=\u00bbbox_shadow_enable:disable|shadow_horizontal:0|shadow_vertical:15|shadow_blur:50|shadow_spread:0|box_shadow_color:rgba(0%2C0%2C0%2C0.35)\u00bb col_shadow_hover=\u00bbbox_shadow_enable:disable|shadow_horizontal:0|shadow_vertical:15|shadow_blur:50|shadow_spread:0|box_shadow_color:rgba(0%2C0%2C0%2C0.35)\u00bb responsive_styles=\u00bbpadding_top_mobile:25|padding_bottom_mobile:25&#8243;][dfd_info_banner style=\u00bbstyle-22&#8243; module_animation=\u00bbtransition.slideRightBigIn\u00bb img_width=\u00bb300&#8243; img_height=\u00bb250&#8243; title=\u00bbEl Esp\u00eda\u00bb subtitle=\u00bbResuelve el misterio.\u00bb banner_content=\u00bb40 &#8211; 100 personas<br \/>\n2 horas<br \/>\nPrecio 37,50 \u20ac pp.<br \/>\nEmpresas\u00bb read_more=\u00bbbox\u00bb readmore_style=\u00bbread-more-7&#8243; readmore_text=\u00bbM\u00c1S INFO\u00bb shadow_style=\u00bbhover\u00bb hover_box_shadow=\u00bbbox_shadow_enable:disable|shadow_horizontal:0|shadow_vertical:15|shadow_blur:50|shadow_spread:0|box_shadow_color:rgba(0%2C0%2C0%2C0.35)\u00bb image=\u00bb20703&#8243; readmore_show=\u00bbshow\u00bb title_font_options=\u00bbtag:div|font_size:30|line_height:50&#8243; subtitle_font_options=\u00bbtag:div\u00bb font_options=\u00bbtag:div\u00bb shadow=\u00bbshow\u00bb tutorials=\u00bb\u00bb link=\u00bburl:https%3A%2F%2Fwww.xventura.com%2Fes%2Fbarcelona%2Fla-espia%2F|title:The%20Spy\u00bb][\/vc_column][vc_column width=\u00bb1\/3&#8243; dfd_column_responsive_enable=\u00bbdfd-column-responsive-enable\u00bb col_shadow=\u00bbbox_shadow_enable:disable|shadow_horizontal:0|shadow_vertical:15|shadow_blur:50|shadow_spread:0|box_shadow_color:rgba(0%2C0%2C0%2C0.35)\u00bb col_shadow_hover=\u00bbbox_shadow_enable:disable|shadow_horizontal:0|shadow_vertical:15|shadow_blur:50|shadow_spread:0|box_shadow_color:rgba(0%2C0%2C0%2C0.35)\u00bb responsive_styles=\u00bbpadding_top_mobile:25|padding_bottom_mobile:25&#8243;][dfd_info_banner style=\u00bbstyle-22&#8243; module_animation=\u00bbtransition.slideLeftBigIn\u00bb img_width=\u00bb300&#8243; img_height=\u00bb250&#8243; title=\u00bbEl Gangster\u00bb subtitle=\u00bbDescifrar el c\u00f3digo\u00bb banner_content=\u00bb30 &#8211; 150 personas<br \/>\n1,5 horas<br \/>\nDesde 34,50 \u20ac pp.<br \/>\nEmpresas\u00bb read_more=\u00bbbox\u00bb readmore_style=\u00bbread-more-7&#8243; readmore_text=\u00bbM\u00c1S INFO\u00bb shadow_style=\u00bbhover\u00bb hover_box_shadow=\u00bbbox_shadow_enable:disable|shadow_horizontal:0|shadow_vertical:15|shadow_blur:50|shadow_spread:0|box_shadow_color:rgba(0%2C0%2C0%2C0.35)\u00bb link=\u00bburl:https%3A%2F%2Fwww.xventura.com%2Fbarcelona%2Fthe-gangster%2F|title:The%20Gangster\u00bb readmore_show=\u00bbshow\u00bb title_font_options=\u00bbtag:div|font_size:30|line_height:50&#8243; subtitle_font_options=\u00bbtag:div\u00bb font_options=\u00bbtag:div\u00bb shadow=\u00bbshow\u00bb image=\u00bb19940&#8243; tutorials=\u00bb\u00bb][\/vc_column][\/vc_row][vc_row][vc_column][dfd_spacer screen_wide_spacer_size=\u00bb60&#8243; screen_normal_resolution=\u00bb1024&#8243; screen_tablet_resolution=\u00bb800&#8243; screen_mobile_resolution=\u00bb480&#8243;][\/vc_column][\/vc_row][vc_row css=\u00bb.vc_custom_1612950608622{margin-top: 30px !important;background-color: #bebabe !important;}\u00bb][vc_column width=\u00bb1\/6&#8243;][\/vc_column][vc_column width=\u00bb2\/3&#8243;][dfd_spacer screen_wide_spacer_size=\u00bb60&#8243; screen_normal_resolution=\u00bb1024&#8243; screen_tablet_resolution=\u00bb800&#8243; screen_mobile_resolution=\u00bb480&#8243;][vc_column_text]<\/p>\n<p style=\"text-align: center;\"><span style=\"color: #ffffff;\">Nuestras b\u00fasquedas del tesoro en Barcelona son todas 100% offline, lo que significa que no usamos tel\u00e9fono ni tablet, sino que trabajamos con puzles y materiales incre\u00edbles. Todos nuestros grupos son guiados y tenemos varias rutas disponibles en Barcelona. \u00a1Cada ruta est\u00e1 cuidadosamente dise\u00f1ada para disparar tu curiosidad y retarte a descubrir y conectar! Si buscas una actividad de grupo para tu salida de trabajo con tus compa\u00f1eros o si buscas una actividad divertida con tus amigos, todas las rutas se adaptan a todo tipo de grupos.<\/span><\/p>\n<p>[\/vc_column_text][dfd_spacer screen_wide_spacer_size=\u00bb60&#8243; screen_normal_resolution=\u00bb1024&#8243; screen_tablet_resolution=\u00bb800&#8243; screen_mobile_resolution=\u00bb480&#8243;][\/vc_column][vc_column width=\u00bb1\/6&#8243;][\/vc_column][\/vc_row]<\/p>\n<\/div>","protected":false},"excerpt":{"rendered":"<p>[vc_row row_effect=\u00bbdfd-fade-on-scroll\u00bb bg_check=\u00bbrow-background-dark\u00bb dfd_bg_style=\u00bbimage\u00bb dfd_bg_image_new=\u00bb16121&#8243; dfd_image_bg_color=\u00bbrgba(10,10,10,0.09)\u00bb dfd_bg_image_new_responsive=\u00bb16123&#8243; dfd_bg_resolution=\u00bb800&#8243; dfd_bg_image_position_mobile=\u00bbcenter\u00bb][vc_column][dfd_spacer screen_wide_spacer_size=\u00bb300&#8243; screen_normal_resolution=\u00bb1280&#8243; screen_tablet_resolution=\u00bb1024&#8243; screen_mobile_resolution=\u00bb800&#8243;][dfd_spacer screen_wide_spacer_size=\u00bb100&#8243; screen_normal_resolution=\u00bb1280&#8243; screen_tablet_resolution=\u00bb1024&#8243; screen_mobile_resolution=\u00bb800&#8243;][\/vc_column][\/vc_row][vc_row dfd_row_responsive_enable=\u00bbdfd-row-responsive-enable\u00bb responsive_styles=\u00bbpadding_left_mobile:20|padding_right_mobile:20&#8243; css=\u00bb.vc_custom_1556784890390{padding-top: 25px !important;padding-right: 40px !important;padding-bottom: 25px !important;padding-left: 40px !important;}\u00bb][vc_column width=\u00bb1\/6&#8243;][\/vc_column][vc_column width=\u00bb2\/3&#8243;][dfd_spacer<\/p>\n","protected":false},"author":2,"featured_media":18796,"parent":18431,"menu_order":0,"comment_status":"closed","ping_status":"closed","template":"tmp-page.php","meta":{"footnotes":""},"class_list":["post-19851","page","type-page","status-publish","has-post-thumbnail","hentry"],"yoast_head":"<!-- This site is optimized with the Yoast SEO plugin v27.4 - https:\/\/yoast.com\/product\/yoast-seo-wordpress\/ -->\n<title>B\u00fasqueda del tesoro | Juegos | Descubre Barcelona<\/title>\n<meta name=\"description\" content=\"Descubre nuestras incre\u00edbles b\u00fasquedas del tesoro en Barcelona. Elige el juego y \u00a1empieza la aventura! \u00bfEst\u00e1s listo para descubrir la ciudad?\" \/>\n<meta name=\"robots\" content=\"index, follow, max-snippet:-1, max-image-preview:large, max-video-preview:-1\" \/>\n<link rel=\"canonical\" href=\"https:\/\/www.xventura.com\/es\/barcelona\/busquedas-del-tesoro\/\" \/>\n<meta property=\"og:locale\" content=\"es_ES\" \/>\n<meta property=\"og:type\" content=\"article\" \/>\n<meta property=\"og:title\" content=\"B\u00fasqueda del tesoro | Juegos | Descubre Barcelona\" \/>\n<meta property=\"og:description\" content=\"Descubre nuestras incre\u00edbles b\u00fasquedas del tesoro en Barcelona. Elige el juego y \u00a1empieza la aventura! \u00bfEst\u00e1s listo para descubrir la ciudad?\" \/>\n<meta property=\"og:url\" content=\"https:\/\/www.xventura.com\/es\/barcelona\/busquedas-del-tesoro\/\" \/>\n<meta property=\"og:site_name\" content=\"Xventura\" \/>\n<meta property=\"article:publisher\" content=\"https:\/\/www.facebook.com\/xventurabcn\/\" \/>\n<meta property=\"article:modified_time\" content=\"2025-01-23T14:06:09+00:00\" \/>\n<meta property=\"og:image\" content=\"https:\/\/www.xventura.com\/wp-content\/uploads\/2019\/09\/Xventura_web_11-1-e1569182768648.jpg\" \/>\n\t<meta property=\"og:image:width\" content=\"1240\" \/>\n\t<meta property=\"og:image:height\" content=\"1415\" \/>\n\t<meta property=\"og:image:type\" content=\"image\/jpeg\" \/>\n<meta name=\"twitter:card\" content=\"summary_large_image\" \/>\n<meta name=\"twitter:label1\" content=\"Tiempo de lectura\" \/>\n\t<meta name=\"twitter:data1\" content=\"4 minutos\" \/>\n<script type=\"application\/ld+json\" class=\"yoast-schema-graph\">{\"@context\":\"https:\\\/\\\/schema.org\",\"@graph\":[{\"@type\":\"WebPage\",\"@id\":\"https:\\\/\\\/www.xventura.com\\\/es\\\/barcelona\\\/busquedas-del-tesoro\\\/\",\"url\":\"https:\\\/\\\/www.xventura.com\\\/es\\\/barcelona\\\/busquedas-del-tesoro\\\/\",\"name\":\"B\u00fasqueda del tesoro | Juegos | Descubre Barcelona\",\"isPartOf\":{\"@id\":\"https:\\\/\\\/www.xventura.com\\\/es\\\/#website\"},\"primaryImageOfPage\":{\"@id\":\"https:\\\/\\\/www.xventura.com\\\/es\\\/barcelona\\\/busquedas-del-tesoro\\\/#primaryimage\"},\"image\":{\"@id\":\"https:\\\/\\\/www.xventura.com\\\/es\\\/barcelona\\\/busquedas-del-tesoro\\\/#primaryimage\"},\"thumbnailUrl\":\"https:\\\/\\\/www.xventura.com\\\/wp-content\\\/uploads\\\/2019\\\/09\\\/Xventura_web_11-1-e1569182768648.jpg\",\"datePublished\":\"2022-12-09T10:19:10+00:00\",\"dateModified\":\"2025-01-23T14:06:09+00:00\",\"description\":\"Descubre nuestras incre\u00edbles b\u00fasquedas del tesoro en Barcelona. Elige el juego y \u00a1empieza la aventura! \u00bfEst\u00e1s listo para descubrir la ciudad?\",\"breadcrumb\":{\"@id\":\"https:\\\/\\\/www.xventura.com\\\/es\\\/barcelona\\\/busquedas-del-tesoro\\\/#breadcrumb\"},\"inLanguage\":\"es\",\"potentialAction\":[{\"@type\":\"ReadAction\",\"target\":[\"https:\\\/\\\/www.xventura.com\\\/es\\\/barcelona\\\/busquedas-del-tesoro\\\/\"]}]},{\"@type\":\"ImageObject\",\"inLanguage\":\"es\",\"@id\":\"https:\\\/\\\/www.xventura.com\\\/es\\\/barcelona\\\/busquedas-del-tesoro\\\/#primaryimage\",\"url\":\"https:\\\/\\\/www.xventura.com\\\/wp-content\\\/uploads\\\/2019\\\/09\\\/Xventura_web_11-1-e1569182768648.jpg\",\"contentUrl\":\"https:\\\/\\\/www.xventura.com\\\/wp-content\\\/uploads\\\/2019\\\/09\\\/Xventura_web_11-1-e1569182768648.jpg\",\"width\":1240,\"height\":1415,\"caption\":\"Unieke City games Xventura\"},{\"@type\":\"BreadcrumbList\",\"@id\":\"https:\\\/\\\/www.xventura.com\\\/es\\\/barcelona\\\/busquedas-del-tesoro\\\/#breadcrumb\",\"itemListElement\":[{\"@type\":\"ListItem\",\"position\":1,\"name\":\"Barcelona\",\"item\":\"https:\\\/\\\/www.xventura.com\\\/es\\\/barcelona\\\/\"},{\"@type\":\"ListItem\",\"position\":2,\"name\":\"B\u00fasquedas\"}]},{\"@type\":\"WebSite\",\"@id\":\"https:\\\/\\\/www.xventura.com\\\/es\\\/#website\",\"url\":\"https:\\\/\\\/www.xventura.com\\\/es\\\/\",\"name\":\"Xventura\",\"description\":\"A new way to discover\",\"potentialAction\":[{\"@type\":\"SearchAction\",\"target\":{\"@type\":\"EntryPoint\",\"urlTemplate\":\"https:\\\/\\\/www.xventura.com\\\/es\\\/?s={search_term_string}\"},\"query-input\":{\"@type\":\"PropertyValueSpecification\",\"valueRequired\":true,\"valueName\":\"search_term_string\"}}],\"inLanguage\":\"es\"}]}<\/script>\n<!-- \/ Yoast SEO plugin. -->","yoast_head_json":{"title":"B\u00fasqueda del tesoro | Juegos | Descubre Barcelona","description":"Descubre nuestras incre\u00edbles b\u00fasquedas del tesoro en Barcelona. Elige el juego y \u00a1empieza la aventura! \u00bfEst\u00e1s listo para descubrir la ciudad?","robots":{"index":"index","follow":"follow","max-snippet":"max-snippet:-1","max-image-preview":"max-image-preview:large","max-video-preview":"max-video-preview:-1"},"canonical":"https:\/\/www.xventura.com\/es\/barcelona\/busquedas-del-tesoro\/","og_locale":"es_ES","og_type":"article","og_title":"B\u00fasqueda del tesoro | Juegos | Descubre Barcelona","og_description":"Descubre nuestras incre\u00edbles b\u00fasquedas del tesoro en Barcelona. Elige el juego y \u00a1empieza la aventura! \u00bfEst\u00e1s listo para descubrir la ciudad?","og_url":"https:\/\/www.xventura.com\/es\/barcelona\/busquedas-del-tesoro\/","og_site_name":"Xventura","article_publisher":"https:\/\/www.facebook.com\/xventurabcn\/","article_modified_time":"2025-01-23T14:06:09+00:00","og_image":[{"width":1240,"height":1415,"url":"https:\/\/www.xventura.com\/wp-content\/uploads\/2019\/09\/Xventura_web_11-1-e1569182768648.jpg","type":"image\/jpeg"}],"twitter_card":"summary_large_image","twitter_misc":{"Tiempo de lectura":"4 minutos"},"schema":{"@context":"https:\/\/schema.org","@graph":[{"@type":"WebPage","@id":"https:\/\/www.xventura.com\/es\/barcelona\/busquedas-del-tesoro\/","url":"https:\/\/www.xventura.com\/es\/barcelona\/busquedas-del-tesoro\/","name":"B\u00fasqueda del tesoro | Juegos | Descubre Barcelona","isPartOf":{"@id":"https:\/\/www.xventura.com\/es\/#website"},"primaryImageOfPage":{"@id":"https:\/\/www.xventura.com\/es\/barcelona\/busquedas-del-tesoro\/#primaryimage"},"image":{"@id":"https:\/\/www.xventura.com\/es\/barcelona\/busquedas-del-tesoro\/#primaryimage"},"thumbnailUrl":"https:\/\/www.xventura.com\/wp-content\/uploads\/2019\/09\/Xventura_web_11-1-e1569182768648.jpg","datePublished":"2022-12-09T10:19:10+00:00","dateModified":"2025-01-23T14:06:09+00:00","description":"Descubre nuestras incre\u00edbles b\u00fasquedas del tesoro en Barcelona. Elige el juego y \u00a1empieza la aventura! \u00bfEst\u00e1s listo para descubrir la ciudad?","breadcrumb":{"@id":"https:\/\/www.xventura.com\/es\/barcelona\/busquedas-del-tesoro\/#breadcrumb"},"inLanguage":"es","potentialAction":[{"@type":"ReadAction","target":["https:\/\/www.xventura.com\/es\/barcelona\/busquedas-del-tesoro\/"]}]},{"@type":"ImageObject","inLanguage":"es","@id":"https:\/\/www.xventura.com\/es\/barcelona\/busquedas-del-tesoro\/#primaryimage","url":"https:\/\/www.xventura.com\/wp-content\/uploads\/2019\/09\/Xventura_web_11-1-e1569182768648.jpg","contentUrl":"https:\/\/www.xventura.com\/wp-content\/uploads\/2019\/09\/Xventura_web_11-1-e1569182768648.jpg","width":1240,"height":1415,"caption":"Unieke City games Xventura"},{"@type":"BreadcrumbList","@id":"https:\/\/www.xventura.com\/es\/barcelona\/busquedas-del-tesoro\/#breadcrumb","itemListElement":[{"@type":"ListItem","position":1,"name":"Barcelona","item":"https:\/\/www.xventura.com\/es\/barcelona\/"},{"@type":"ListItem","position":2,"name":"B\u00fasquedas"}]},{"@type":"WebSite","@id":"https:\/\/www.xventura.com\/es\/#website","url":"https:\/\/www.xventura.com\/es\/","name":"Xventura","description":"A new way to discover","potentialAction":[{"@type":"SearchAction","target":{"@type":"EntryPoint","urlTemplate":"https:\/\/www.xventura.com\/es\/?s={search_term_string}"},"query-input":{"@type":"PropertyValueSpecification","valueRequired":true,"valueName":"search_term_string"}}],"inLanguage":"es"}]}},"_links":{"self":[{"href":"https:\/\/www.xventura.com\/es\/wp-json\/wp\/v2\/pages\/19851","targetHints":{"allow":["GET"]}}],"collection":[{"href":"https:\/\/www.xventura.com\/es\/wp-json\/wp\/v2\/pages"}],"about":[{"href":"https:\/\/www.xventura.com\/es\/wp-json\/wp\/v2\/types\/page"}],"author":[{"embeddable":true,"href":"https:\/\/www.xventura.com\/es\/wp-json\/wp\/v2\/users\/2"}],"replies":[{"embeddable":true,"href":"https:\/\/www.xventura.com\/es\/wp-json\/wp\/v2\/comments?post=19851"}],"version-history":[{"count":8,"href":"https:\/\/www.xventura.com\/es\/wp-json\/wp\/v2\/pages\/19851\/revisions"}],"predecessor-version":[{"id":20815,"href":"https:\/\/www.xventura.com\/es\/wp-json\/wp\/v2\/pages\/19851\/revisions\/20815"}],"up":[{"embeddable":true,"href":"https:\/\/www.xventura.com\/es\/wp-json\/wp\/v2\/pages\/18431"}],"wp:featuredmedia":[{"embeddable":true,"href":"https:\/\/www.xventura.com\/es\/wp-json\/wp\/v2\/media\/18796"}],"wp:attachment":[{"href":"https:\/\/www.xventura.com\/es\/wp-json\/wp\/v2\/media?parent=19851"}],"curies":[{"name":"wp","href":"https:\/\/api.w.org\/{rel}","templated":true}]}}