{"id":19219,"date":"2021-12-28T15:40:29","date_gmt":"2021-12-28T13:40:29","guid":{"rendered":"https:\/\/www.xventura.com\/?page_id=19219"},"modified":"2025-01-30T00:23:51","modified_gmt":"2025-01-29T22:23:51","slug":"reserva-ya","status":"publish","type":"page","link":"https:\/\/www.xventura.com\/es\/reserva-ya\/","title":{"rendered":"Reserva ya"},"content":{"rendered":"<div class=\"wpb-content-wrapper\"><p>[vc_row bg_check=\u00bbrow-background-dark\u00bb dfd_bg_style=\u00bbimage\u00bb dfd_bg_image_new=\u00bb15484&#8243; dfd_bg_image_new_responsive=\u00bb15486&#8243; dfd_row_responsive_enable=\u00bbdfd-row-responsive-enable\u00bb responsive_styles=\u00bbpadding_left_mobile:20|padding_right_mobile:20&#8243; css=\u00bb.vc_custom_1559213415422{padding-top: 25px !important;padding-right: 40px !important;padding-bottom: 25px !important;padding-left: 40px !important;}\u00bb][vc_column][dfd_spacer screen_wide_spacer_size=\u00bb300&#8243; screen_normal_resolution=\u00bb1280&#8243; screen_tablet_resolution=\u00bb1024&#8243; screen_mobile_resolution=\u00bb800&#8243;][dfd_button hover_style=\u00bbdfd-slide-top\u00bb click_animation=\u00bb\u00bb button_text=\u00bbCont\u00e1ctanos\u00bb module_animation=\u00bbtransition.slideDownBigIn\u00bb border=\u00bbborder_style:solid|border_width:2|border_radius:0&#8243; hover_border=\u00bbborder_style:solid|border_width:2|border_radius:0&#8243; main_style=\u00bbstyle-2&#8243; undefined=\u00bb\u00bb box_shadow=\u00bbbox_shadow_enable:disable|shadow_horizontal:0|shadow_vertical:15|shadow_blur:50|shadow_spread:0|box_shadow_color:rgba(0%2C0%2C0%2C0.35)\u00bb hover_box_shadow=\u00bbbox_shadow_enable:disable|shadow_horizontal:0|shadow_vertical:15|shadow_blur:50|shadow_spread:0|box_shadow_color:rgba(0%2C0%2C0%2C0.35)\u00bb padding_left=\u00bb30&#8243; padding_right=\u00bb30&#8243; background=\u00bb#f18f01&#8243; title_font_options=\u00bbfont_size:22|line_height:52&#8243; buttom_link_src=\u00bburl:mailto%3Ainfo%40xventura.com|title:Contact\u00bb hover_background=\u00bb#bebabe\u00bb][dfd_spacer screen_wide_spacer_size=\u00bb50&#8243; screen_normal_resolution=\u00bb1280&#8243; screen_tablet_resolution=\u00bb1024&#8243; screen_mobile_resolution=\u00bb800&#8243;][\/vc_column][\/vc_row][vc_row css=\u00bb.vc_custom_1556638246412{padding-top: 20px !important;padding-bottom: 20px !important;background-color: rgba(0,0,0,0.11) !important;*background-color: rgb(0,0,0) !important;}\u00bb][vc_column width=\u00bb1\/3&#8243; dfd_column_responsive_enable=\u00bbdfd-column-responsive-enable\u00bb col_shadow=\u00bbbox_shadow_enable:disable|shadow_horizontal:0|shadow_vertical:15|shadow_blur:50|shadow_spread:0|box_shadow_color:rgba(0%2C0%2C0%2C0.35)\u00bb col_shadow_hover=\u00bbbox_shadow_enable:disable|shadow_horizontal:0|shadow_vertical:15|shadow_blur:50|shadow_spread:0|box_shadow_color:rgba(0%2C0%2C0%2C0.35)\u00bb responsive_styles=\u00bbpadding_top_mobile:10|padding_bottom_mobile:10&#8243;][dfd_info_box title=\u00bbPago adelantado\u00bb subtitle=\u00bbPagar seguro\u00bb main_content=\u00bb\u00bb select_icon=\u00bbfontawesome\u00bb ic_fontawesome=\u00bbfas fa-check\u00bb main_style=\u00bbstyle-1&#8243; main_layout=\u00bblayout-2&#8243; undefined=\u00bb\u00bb icon_color=\u00bb#f18f01&#8243; title_font_options=\u00bbtag:div\u00bb icon_size=\u00bb28&#8243; subtitle_font_options=\u00bbtag:div\u00bb tutorials=\u00bb\u00bb][\/vc_column][vc_column width=\u00bb1\/3&#8243; dfd_column_responsive_enable=\u00bbdfd-column-responsive-enable\u00bb col_shadow=\u00bbbox_shadow_enable:disable|shadow_horizontal:0|shadow_vertical:15|shadow_blur:50|shadow_spread:0|box_shadow_color:rgba(0%2C0%2C0%2C0.35)\u00bb col_shadow_hover=\u00bbbox_shadow_enable:disable|shadow_horizontal:0|shadow_vertical:15|shadow_blur:50|shadow_spread:0|box_shadow_color:rgba(0%2C0%2C0%2C0.35)\u00bb responsive_styles=\u00bbpadding_top_mobile:10|padding_bottom_mobile:10&#8243;][dfd_info_box title=\u00bbCancelaci\u00f3n gratuita\u00bb subtitle=\u00bbhasta con 48 horas de antelaci\u00f3n\u00bb main_content=\u00bb\u00bb select_icon=\u00bbfontawesome\u00bb ic_fontawesome=\u00bbfas fa-check\u00bb main_style=\u00bbstyle-1&#8243; main_layout=\u00bblayout-2&#8243; undefined=\u00bb\u00bb icon_color=\u00bb#f18f01&#8243; title_font_options=\u00bbtag:div\u00bb subtitle_font_options=\u00bbtag:div\u00bb icon_size=\u00bb28&#8243; tutorials=\u00bb\u00bb][\/vc_column][vc_column width=\u00bb1\/3&#8243; dfd_column_responsive_enable=\u00bbdfd-column-responsive-enable\u00bb col_shadow=\u00bbbox_shadow_enable:disable|shadow_horizontal:0|shadow_vertical:15|shadow_blur:50|shadow_spread:0|box_shadow_color:rgba(0%2C0%2C0%2C0.35)\u00bb col_shadow_hover=\u00bbbox_shadow_enable:disable|shadow_horizontal:0|shadow_vertical:15|shadow_blur:50|shadow_spread:0|box_shadow_color:rgba(0%2C0%2C0%2C0.35)\u00bb responsive_styles=\u00bbpadding_top_mobile:10|padding_bottom_mobile:10&#8243;][dfd_info_box title=\u00bbGarant\u00eda de devoluci\u00f3n del dinero\u00bb subtitle=\u00bbQueremos que est\u00e9 100% satisfecho\u00bb main_content=\u00bb\u00bb select_icon=\u00bbfontawesome\u00bb ic_fontawesome=\u00bbfas fa-check\u00bb main_style=\u00bbstyle-1&#8243; main_layout=\u00bblayout-2&#8243; undefined=\u00bb\u00bb icon_color=\u00bb#f18f01&#8243; title_font_options=\u00bbtag:div\u00bb subtitle_font_options=\u00bbtag:div\u00bb icon_size=\u00bb28&#8243;][\/vc_column][\/vc_row][vc_row css=\u00bb.vc_custom_1556744735295{margin-top: 50px !important;padding-top: 25px !important;padding-right: 40px !important;padding-bottom: 25px !important;padding-left: 40px !important;}\u00bb][vc_column width=\u00bb1\/6&#8243;][\/vc_column][vc_column width=\u00bb2\/3&#8243;][dfd_spacer screen_wide_spacer_size=\u00bb10&#8243; screen_normal_resolution=\u00bb1024&#8243; screen_tablet_resolution=\u00bb800&#8243; screen_mobile_resolution=\u00bb480&#8243;][dfd_heading style=\u00bbstyle_05&#8243; subtitle=\u00bbHaz una reserva\u00bb module_animation=\u00bbtransition.expandIn\u00bb delimiter_settings=\u00bbdelimiter_style:solid|delimiter_width:80|delimiter_height:1|delimiter_color:%231a8c8b\u00bb undefined=\u00bb\u00bb title_font_options=\u00bbtag:h1&#8243; subtitle_font_options=\u00bbtag:div|font_size:30|color:%231a8c8b|line_height:40&#8243; heading_margin=\u00bbmargin-bottom:10&#8243; title_responsive=\u00bbfont_size_mobile:35|line_height_mobile:55&#8243; subtitle_responsive=\u00bbfont_size_mobile:20|line_height_mobile:35&#8243;]<br \/>\nReservar online<br \/>\n[\/dfd_heading][dfd_spacer screen_wide_spacer_size=\u00bb35&#8243; screen_normal_resolution=\u00bb1024&#8243; screen_tablet_resolution=\u00bb800&#8243; screen_mobile_resolution=\u00bb480&#8243;][vc_column_text]<\/p>\n<p style=\"text-align: center;\">Haga su reserva a trav\u00e9s de nuestro sistema de reservas en l\u00ednea. En cuanto recibamos su reserva, comprobaremos su disponibilidad y le devolveremos la confirmaci\u00f3n. Tenga en cuenta que su reserva no es definitiva si no recibe nuestra confirmaci\u00f3n.<\/p>\n<p style=\"text-align: center;\">Si la hora que desea no est\u00e1 disponible, p\u00f3ngase en <a href=\"mailto:info@xventura.com\">contacto<\/a> con nosotros.<\/p>\n<p>[\/vc_column_text][dfd_spacer screen_wide_spacer_size=\u00bb40&#8243; screen_normal_resolution=\u00bb1024&#8243; screen_tablet_resolution=\u00bb800&#8243; screen_mobile_resolution=\u00bb480&#8243;][\/vc_column][vc_column width=\u00bb1\/6&#8243;][\/vc_column][\/vc_row][vc_row][vc_column width=\u00bb1\/6&#8243;][\/vc_column][vc_column width=\u00bb2\/3&#8243;][dfd_heading subtitle=\u00bb\u00bb enable_delimiter=\u00bb\u00bb undefined=\u00bb\u00bb title_font_options=\u00bbtag:div|font_size:22|line_height:35&#8243; title_google_fonts=\u00bbyes\u00bb title_custom_fonts=\u00bbfont_family:Muli%3A300%2C300italic%2Cregular%2Citalic|font_style:400%20regular%3A400%3Anormal\u00bb subtitle_font_options=\u00bbtag:div\u00bb]Elige tu ciudad, el juego y el idioma en el que quieres jugar. A continuaci\u00f3n, elija la fecha y la hora. Recibir\u00e1 la confirmaci\u00f3n en un plazo de 24 horas.[\/dfd_heading][dfd_spacer screen_wide_spacer_size=\u00bb40&#8243; screen_normal_resolution=\u00bb1024&#8243; screen_tablet_resolution=\u00bb800&#8243; screen_mobile_resolution=\u00bb480&#8243;][\/vc_column][vc_column width=\u00bb1\/6&#8243;][\/vc_column][\/vc_row][vc_row][vc_column width=\u00bb1\/6&#8243;][\/vc_column][vc_column width=\u00bb2\/3&#8243;][vc_column_text]<!--\nPlugin Name: Bookly - Responsive WordPress Appointment Booking and Scheduling Plugin\nPlugin URI: https:\/\/www.booking-wp-plugin.com\/?utm_source=bookly_admin&utm_medium=plugins_page&utm_campaign=plugins_page\nVersion: 27.4-->\n<style type=\"text\/css\">\n    :root {\n        --bookly-main-color: #1a8b8c !important;\n        --bookly-color: #1a8b8c !important;\n    }\n\n    <\/style><div class=\"bookly-css-root\">\n    <div id=\"bookly-form-container-69fe225acb330\" class=\"bookly-form\" data-form_id=\"\" aria-live=\"polite\">\n        <div style=\"text-align: center\"><img decoding=\"async\" src=\"https:\/\/www.xventura.com\/wp-includes\/js\/tinymce\/skins\/lightgray\/img\/loader.gif\" alt=\"Cargando ...\"\/><\/div>\n    <\/div>\n<\/div>\n<script type=\"text\/javascript\">\n    (function (win, fn) {\n        var done = false, top = true,\n            doc = win.document,\n            root = doc.documentElement,\n            modern = doc.addEventListener,\n            add = modern ? 'addEventListener' : 'attachEvent',\n            rem = modern ? 'removeEventListener' : 'detachEvent',\n            pre = modern ? '' : 'on',\n            init = function (e) {\n                if (e.type == 'readystatechange') if (doc.readyState != 'complete') return;\n                (e.type == 'load' ? win : doc)[rem](pre + e.type, init, false);\n                if (!done) {\n                    done = true;\n                    fn.call(win, e.type || e);\n                }\n            },\n            poll = function () {\n                try {\n                    root.doScroll('left');\n                } catch (e) {\n                    setTimeout(poll, 50);\n                    return;\n                }\n                init('poll');\n            };\n        if (doc.readyState == 'complete') fn.call(win, 'lazy');\n        else {\n            if (!modern) if (root.doScroll) {\n                try {\n                    top = !win.frameElement;\n                } catch (e) {\n                }\n                if (top) poll();\n            }\n            doc[add](pre + 'DOMContentLoaded', init, false);\n            doc[add](pre + 'readystatechange', init, false);\n            win[add](pre + 'load', init, false);\n        }\n    })(window, function () {\n        window.bookly( {\"form_id\":\"69fe225acb330\",\"form_data\":{\"skip_service_step\":0,\"hide_service_part1\":0,\"hide_service_part2\":1,\"defaults\":{\"service_id\":0,\"staff_id\":0,\"location_id\":0,\"category_id\":1,\"units\":0,\"date_from\":0,\"time_from\":0,\"time_to\":0}},\"status\":{\"booking\":\"new\"},\"form_token\":null,\"skip_steps\":{\"service_part1\":0,\"service_part2\":1,\"extras\":1,\"time\":0,\"repeat\":1,\"cart\":1},\"errors\":{\"session_error\":\"Error de sesi\\u00f3n.\",\"form_id_error\":\"Error Identificaci\\u00f3n formulario.\",\"cart_item_not_available\":\"If the time is not available, that means another group is starting but not to worry, we start every half an hour! \",\"pay_locally_not_available\":\"Pagu\\u00e9 no est\\u00e1 disponible.\",\"invalid_gateway\":\"Puerta de enlace no es v\\u00e1lido.\",\"payment_error\":\"Error.\",\"incorrect_username_password\":\"Nombre de usuario o contrase\\u00f1a incorrectos.\"},\"form_attributes\":{\"hide_categories\":false,\"hide_services\":false,\"hide_staff_members\":false,\"show_number_of_persons\":true,\"hide_service_duration\":true,\"hide_locations\":true,\"hide_quantity\":true,\"hide_date\":true,\"hide_week_days\":true,\"hide_time_range\":true},\"use_client_time_zone\":0,\"defaults\":{\"service_id\":0,\"staff_id\":0,\"location_id\":0,\"category_id\":1},\"datepicker_mode\":\"text-accent\",\"facebook\":{\"enabled\":0,\"appId\":\"\"},\"stripe\":{\"enabled\":1}} );\n    });\n<\/script>[\/vc_column_text][dfd_spacer screen_wide_spacer_size=\u00bb50&#8243; screen_normal_resolution=\u00bb1024&#8243; screen_tablet_resolution=\u00bb800&#8243; screen_mobile_resolution=\u00bb480&#8243;][\/vc_column][vc_column width=\u00bb1\/6&#8243;][\/vc_column][\/vc_row]<\/p>\n<\/div>","protected":false},"excerpt":{"rendered":"<p>[vc_row bg_check=\u00bbrow-background-dark\u00bb dfd_bg_style=\u00bbimage\u00bb dfd_bg_image_new=\u00bb15484&#8243; dfd_bg_image_new_responsive=\u00bb15486&#8243; dfd_row_responsive_enable=\u00bbdfd-row-responsive-enable\u00bb responsive_styles=\u00bbpadding_left_mobile:20|padding_right_mobile:20&#8243; css=\u00bb.vc_custom_1559213415422{padding-top: 25px !important;padding-right: 40px !important;padding-bottom: 25px !important;padding-left: 40px !important;}\u00bb][vc_column][dfd_spacer screen_wide_spacer_size=\u00bb300&#8243; screen_normal_resolution=\u00bb1280&#8243; screen_tablet_resolution=\u00bb1024&#8243; screen_mobile_resolution=\u00bb800&#8243;][dfd_button hover_style=\u00bbdfd-slide-top\u00bb click_animation=\u00bb\u00bb button_text=\u00bbCont\u00e1ctanos\u00bb module_animation=\u00bbtransition.slideDownBigIn\u00bb border=\u00bbborder_style:solid|border_width:2|border_radius:0&#8243; hover_border=\u00bbborder_style:solid|border_width:2|border_radius:0&#8243; main_style=\u00bbstyle-2&#8243; undefined=\u00bb\u00bb box_shadow=\u00bbbox_shadow_enable:disable|shadow_horizontal:0|shadow_vertical:15|shadow_blur:50|shadow_spread:0|box_shadow_color:rgba(0%2C0%2C0%2C0.35)\u00bb hover_box_shadow=\u00bbbox_shadow_enable:disable|shadow_horizontal:0|shadow_vertical:15|shadow_blur:50|shadow_spread:0|box_shadow_color:rgba(0%2C0%2C0%2C0.35)\u00bb<\/p>\n","protected":false},"author":2,"featured_media":0,"parent":0,"menu_order":0,"comment_status":"closed","ping_status":"closed","template":"tmp-page.php","meta":{"footnotes":""},"class_list":["post-19219","page","type-page","status-publish","hentry"],"yoast_head":"<!-- This site is optimized with the Yoast SEO plugin v27.4 - https:\/\/yoast.com\/product\/yoast-seo-wordpress\/ -->\n<title>Reserva ya | Juego de escape | Aventura Barcelona | Treasure hunt<\/title>\n<meta name=\"description\" content=\"Utilice nuestro sistema de reservas en l\u00ednea para realizar su reserva. \u00a1F\u00e1cil y seguro! Treasure hunt en Barcelona | Juegos de ciudad\" \/>\n<meta name=\"robots\" content=\"index, follow, max-snippet:-1, max-image-preview:large, max-video-preview:-1\" \/>\n<link rel=\"canonical\" href=\"https:\/\/www.xventura.com\/es\/reserva-ya\/\" \/>\n<meta property=\"og:locale\" content=\"es_ES\" \/>\n<meta property=\"og:type\" content=\"article\" \/>\n<meta property=\"og:title\" content=\"Reserva ya | Juego de escape | Aventura Barcelona | Treasure hunt\" \/>\n<meta property=\"og:description\" content=\"Utilice nuestro sistema de reservas en l\u00ednea para realizar su reserva. \u00a1F\u00e1cil y seguro! Treasure hunt en Barcelona | Juegos de ciudad\" \/>\n<meta property=\"og:url\" content=\"https:\/\/www.xventura.com\/es\/reserva-ya\/\" \/>\n<meta property=\"og:site_name\" content=\"Xventura\" \/>\n<meta property=\"article:publisher\" content=\"https:\/\/www.facebook.com\/xventurabcn\/\" \/>\n<meta property=\"article:modified_time\" content=\"2025-01-29T22:23:51+00:00\" \/>\n<meta name=\"twitter:card\" content=\"summary_large_image\" \/>\n<meta name=\"twitter:label1\" content=\"Tiempo de lectura\" \/>\n\t<meta name=\"twitter:data1\" content=\"2 minutos\" \/>\n<script type=\"application\/ld+json\" class=\"yoast-schema-graph\">{\"@context\":\"https:\\\/\\\/schema.org\",\"@graph\":[{\"@type\":\"WebPage\",\"@id\":\"https:\\\/\\\/www.xventura.com\\\/es\\\/reserva-ya\\\/\",\"url\":\"https:\\\/\\\/www.xventura.com\\\/es\\\/reserva-ya\\\/\",\"name\":\"Reserva ya | Juego de escape | Aventura Barcelona | Treasure hunt\",\"isPartOf\":{\"@id\":\"https:\\\/\\\/www.xventura.com\\\/es\\\/#website\"},\"datePublished\":\"2021-12-28T13:40:29+00:00\",\"dateModified\":\"2025-01-29T22:23:51+00:00\",\"description\":\"Utilice nuestro sistema de reservas en l\u00ednea para realizar su reserva. \u00a1F\u00e1cil y seguro! Treasure hunt en Barcelona | Juegos de ciudad\",\"inLanguage\":\"es\",\"potentialAction\":[{\"@type\":\"ReadAction\",\"target\":[\"https:\\\/\\\/www.xventura.com\\\/es\\\/reserva-ya\\\/\"]}]},{\"@type\":\"WebSite\",\"@id\":\"https:\\\/\\\/www.xventura.com\\\/es\\\/#website\",\"url\":\"https:\\\/\\\/www.xventura.com\\\/es\\\/\",\"name\":\"Xventura\",\"description\":\"A new way to discover\",\"potentialAction\":[{\"@type\":\"SearchAction\",\"target\":{\"@type\":\"EntryPoint\",\"urlTemplate\":\"https:\\\/\\\/www.xventura.com\\\/es\\\/?s={search_term_string}\"},\"query-input\":{\"@type\":\"PropertyValueSpecification\",\"valueRequired\":true,\"valueName\":\"search_term_string\"}}],\"inLanguage\":\"es\"}]}<\/script>\n<!-- \/ Yoast SEO plugin. -->","yoast_head_json":{"title":"Reserva ya | Juego de escape | Aventura Barcelona | Treasure hunt","description":"Utilice nuestro sistema de reservas en l\u00ednea para realizar su reserva. \u00a1F\u00e1cil y seguro! Treasure hunt en Barcelona | Juegos de ciudad","robots":{"index":"index","follow":"follow","max-snippet":"max-snippet:-1","max-image-preview":"max-image-preview:large","max-video-preview":"max-video-preview:-1"},"canonical":"https:\/\/www.xventura.com\/es\/reserva-ya\/","og_locale":"es_ES","og_type":"article","og_title":"Reserva ya | Juego de escape | Aventura Barcelona | Treasure hunt","og_description":"Utilice nuestro sistema de reservas en l\u00ednea para realizar su reserva. \u00a1F\u00e1cil y seguro! Treasure hunt en Barcelona | Juegos de ciudad","og_url":"https:\/\/www.xventura.com\/es\/reserva-ya\/","og_site_name":"Xventura","article_publisher":"https:\/\/www.facebook.com\/xventurabcn\/","article_modified_time":"2025-01-29T22:23:51+00:00","twitter_card":"summary_large_image","twitter_misc":{"Tiempo de lectura":"2 minutos"},"schema":{"@context":"https:\/\/schema.org","@graph":[{"@type":"WebPage","@id":"https:\/\/www.xventura.com\/es\/reserva-ya\/","url":"https:\/\/www.xventura.com\/es\/reserva-ya\/","name":"Reserva ya | Juego de escape | Aventura Barcelona | Treasure hunt","isPartOf":{"@id":"https:\/\/www.xventura.com\/es\/#website"},"datePublished":"2021-12-28T13:40:29+00:00","dateModified":"2025-01-29T22:23:51+00:00","description":"Utilice nuestro sistema de reservas en l\u00ednea para realizar su reserva. \u00a1F\u00e1cil y seguro! Treasure hunt en Barcelona | Juegos de ciudad","inLanguage":"es","potentialAction":[{"@type":"ReadAction","target":["https:\/\/www.xventura.com\/es\/reserva-ya\/"]}]},{"@type":"WebSite","@id":"https:\/\/www.xventura.com\/es\/#website","url":"https:\/\/www.xventura.com\/es\/","name":"Xventura","description":"A new way to discover","potentialAction":[{"@type":"SearchAction","target":{"@type":"EntryPoint","urlTemplate":"https:\/\/www.xventura.com\/es\/?s={search_term_string}"},"query-input":{"@type":"PropertyValueSpecification","valueRequired":true,"valueName":"search_term_string"}}],"inLanguage":"es"}]}},"_links":{"self":[{"href":"https:\/\/www.xventura.com\/es\/wp-json\/wp\/v2\/pages\/19219","targetHints":{"allow":["GET"]}}],"collection":[{"href":"https:\/\/www.xventura.com\/es\/wp-json\/wp\/v2\/pages"}],"about":[{"href":"https:\/\/www.xventura.com\/es\/wp-json\/wp\/v2\/types\/page"}],"author":[{"embeddable":true,"href":"https:\/\/www.xventura.com\/es\/wp-json\/wp\/v2\/users\/2"}],"replies":[{"embeddable":true,"href":"https:\/\/www.xventura.com\/es\/wp-json\/wp\/v2\/comments?post=19219"}],"version-history":[{"count":11,"href":"https:\/\/www.xventura.com\/es\/wp-json\/wp\/v2\/pages\/19219\/revisions"}],"predecessor-version":[{"id":20852,"href":"https:\/\/www.xventura.com\/es\/wp-json\/wp\/v2\/pages\/19219\/revisions\/20852"}],"wp:attachment":[{"href":"https:\/\/www.xventura.com\/es\/wp-json\/wp\/v2\/media?parent=19219"}],"curies":[{"name":"wp","href":"https:\/\/api.w.org\/{rel}","templated":true}]}}